{"id":3840,"date":"2025-03-24T13:49:10","date_gmt":"2025-03-24T13:49:10","guid":{"rendered":"https:\/\/new.roltex.se\/?page_id=3840"},"modified":"2026-02-11T12:29:46","modified_gmt":"2026-02-11T12:29:46","slug":"om-oss","status":"publish","type":"page","link":"https:\/\/roltex.com\/sv\/about-us\/","title":{"rendered":"Om Roltex"},"content":{"rendered":"","protected":false},"excerpt":{"rendered":"","protected":false},"author":4,"featured_media":0,"parent":0,"menu_order":0,"comment_status":"closed","ping_status":"closed","template":"templates\/pagebuilder.php","meta":{"footnotes":""},"folder":[],"class_list":["post-3840","page","type-page","status-publish","hentry"],"yoast_head":"<!-- This site is optimized with the Yoast SEO plugin v27.1.1 - https:\/\/yoast.com\/product\/yoast-seo-wordpress\/ -->\n<title>About Roltex \u2013 Sustainable Foodservice Products Made in Europe<\/title>\n<meta name=\"description\" content=\"Learn how Roltex designs and manufactures sustainable foodservice products with quality and innovation at the core. 100% made in Europe.\" \/>\n<meta name=\"robots\" content=\"index, follow, max-snippet:-1, max-image-preview:large, max-video-preview:-1\" \/>\n<link rel=\"canonical\" href=\"https:\/\/roltex.com\/sv\/om-oss\/\" \/>\n<meta property=\"og:locale\" content=\"sv_SE\" \/>\n<meta property=\"og:type\" content=\"article\" \/>\n<meta property=\"og:title\" content=\"About Roltex \u2013 Sustainable Foodservice Products Made in Europe\" \/>\n<meta property=\"og:description\" content=\"Learn how Roltex designs and manufactures sustainable foodservice products with quality and innovation at the core. 100% made in Europe.\" \/>\n<meta property=\"og:url\" content=\"https:\/\/roltex.com\/sv\/om-oss\/\" \/>\n<meta property=\"og:site_name\" content=\"Roltex\" \/>\n<meta property=\"article:publisher\" content=\"https:\/\/www.facebook.com\/RoltexNv\/\" \/>\n<meta property=\"article:modified_time\" content=\"2026-02-11T12:29:46+00:00\" \/>\n<meta name=\"twitter:card\" content=\"summary_large_image\" \/>\n<script type=\"application\/ld+json\" class=\"yoast-schema-graph\">{\"@context\":\"https:\/\/schema.org\",\"@graph\":[{\"@type\":\"WebPage\",\"@id\":\"https:\/\/roltex.com\/about-us\/\",\"url\":\"https:\/\/roltex.com\/about-us\/\",\"name\":\"About Roltex \u2013 Sustainable Foodservice Products Made in Europe\",\"isPartOf\":{\"@id\":\"https:\/\/roltex.com\/#website\"},\"datePublished\":\"2025-03-24T13:49:10+00:00\",\"dateModified\":\"2026-02-11T12:29:46+00:00\",\"description\":\"Learn how Roltex designs and manufactures sustainable foodservice products with quality and innovation at the core. 100% made in Europe.\",\"breadcrumb\":{\"@id\":\"https:\/\/roltex.com\/about-us\/#breadcrumb\"},\"inLanguage\":\"sv-SE\",\"potentialAction\":[{\"@type\":\"ReadAction\",\"target\":[\"https:\/\/roltex.com\/about-us\/\"]}]},{\"@type\":\"BreadcrumbList\",\"@id\":\"https:\/\/roltex.com\/about-us\/#breadcrumb\",\"itemListElement\":[{\"@type\":\"ListItem\",\"position\":1,\"name\":\"Home\",\"item\":\"https:\/\/roltex.com\/\"},{\"@type\":\"ListItem\",\"position\":2,\"name\":\"About Roltex\"}]},{\"@type\":\"WebSite\",\"@id\":\"https:\/\/roltex.com\/#website\",\"url\":\"https:\/\/roltex.com\/\",\"name\":\"Roltex\",\"description\":\"We love to serve you - Roltex\",\"publisher\":{\"@id\":\"https:\/\/roltex.com\/#organization\"},\"potentialAction\":[{\"@type\":\"SearchAction\",\"target\":{\"@type\":\"EntryPoint\",\"urlTemplate\":\"https:\/\/roltex.com\/?s={search_term_string}\"},\"query-input\":{\"@type\":\"PropertyValueSpecification\",\"valueRequired\":true,\"valueName\":\"search_term_string\"}}],\"inLanguage\":\"sv-SE\"},{\"@type\":\"Organization\",\"@id\":\"https:\/\/roltex.com\/#organization\",\"name\":\"Roltex\",\"url\":\"https:\/\/roltex.com\/\",\"logo\":{\"@type\":\"ImageObject\",\"inLanguage\":\"sv-SE\",\"@id\":\"https:\/\/roltex.com\/#\/schema\/logo\/image\/\",\"url\":\"https:\/\/roltex.com\/wp-content\/uploads\/2025\/03\/Logga_red-background.png\",\"contentUrl\":\"https:\/\/roltex.com\/wp-content\/uploads\/2025\/03\/Logga_red-background.png\",\"width\":1080,\"height\":1080,\"caption\":\"Roltex\"},\"image\":{\"@id\":\"https:\/\/roltex.com\/#\/schema\/logo\/image\/\"},\"sameAs\":[\"https:\/\/www.facebook.com\/RoltexNv\/\",\"https:\/\/www.linkedin.com\/company\/roltex\/\",\"https:\/\/www.instagram.com\/roltexserving\/#\",\"https:\/\/www.youtube.com\/channel\/UCwD1rT9sd5dgZacAi12sHMw\/featured\"]}]}<\/script>\n<!-- \/ Yoast SEO plugin. -->","yoast_head_json":{"title":"Om Roltex - H\u00e5llbara Foodservice-produkter tillverkade i Europa","description":"L\u00e4r dig hur Roltex designar och tillverkar h\u00e5llbara foodservice-produkter med kvalitet och innovation i centrum. 100% tillverkad i Europa.","robots":{"index":"index","follow":"follow","max-snippet":"max-snippet:-1","max-image-preview":"max-image-preview:large","max-video-preview":"max-video-preview:-1"},"canonical":"https:\/\/roltex.com\/sv\/om-oss\/","og_locale":"sv_SE","og_type":"article","og_title":"About Roltex \u2013 Sustainable Foodservice Products Made in Europe","og_description":"Learn how Roltex designs and manufactures sustainable foodservice products with quality and innovation at the core. 100% made in Europe.","og_url":"https:\/\/roltex.com\/sv\/om-oss\/","og_site_name":"Roltex","article_publisher":"https:\/\/www.facebook.com\/RoltexNv\/","article_modified_time":"2026-02-11T12:29:46+00:00","twitter_card":"summary_large_image","schema":{"@context":"https:\/\/schema.org","@graph":[{"@type":"WebPage","@id":"https:\/\/roltex.com\/about-us\/","url":"https:\/\/roltex.com\/about-us\/","name":"Om Roltex - H\u00e5llbara Foodservice-produkter tillverkade i Europa","isPartOf":{"@id":"https:\/\/roltex.com\/#website"},"datePublished":"2025-03-24T13:49:10+00:00","dateModified":"2026-02-11T12:29:46+00:00","description":"L\u00e4r dig hur Roltex designar och tillverkar h\u00e5llbara foodservice-produkter med kvalitet och innovation i centrum. 100% tillverkad i Europa.","breadcrumb":{"@id":"https:\/\/roltex.com\/about-us\/#breadcrumb"},"inLanguage":"sv-SE","potentialAction":[{"@type":"ReadAction","target":["https:\/\/roltex.com\/about-us\/"]}]},{"@type":"BreadcrumbList","@id":"https:\/\/roltex.com\/about-us\/#breadcrumb","itemListElement":[{"@type":"ListItem","position":1,"name":"Home","item":"https:\/\/roltex.com\/"},{"@type":"ListItem","position":2,"name":"About Roltex"}]},{"@type":"WebSite","@id":"https:\/\/roltex.com\/#website","url":"https:\/\/roltex.com\/","name":"Roltex","description":"Vi \u00e4lskar att tj\u00e4na dig - Roltex","publisher":{"@id":"https:\/\/roltex.com\/#organization"},"potentialAction":[{"@type":"SearchAction","target":{"@type":"EntryPoint","urlTemplate":"https:\/\/roltex.com\/?s={search_term_string}"},"query-input":{"@type":"PropertyValueSpecification","valueRequired":true,"valueName":"search_term_string"}}],"inLanguage":"sv-SE"},{"@type":"Organization","@id":"https:\/\/roltex.com\/#organization","name":"Roltex","url":"https:\/\/roltex.com\/","logo":{"@type":"ImageObject","inLanguage":"sv-SE","@id":"https:\/\/roltex.com\/#\/schema\/logo\/image\/","url":"https:\/\/roltex.com\/wp-content\/uploads\/2025\/03\/Logga_red-background.png","contentUrl":"https:\/\/roltex.com\/wp-content\/uploads\/2025\/03\/Logga_red-background.png","width":1080,"height":1080,"caption":"Roltex"},"image":{"@id":"https:\/\/roltex.com\/#\/schema\/logo\/image\/"},"sameAs":["https:\/\/www.facebook.com\/RoltexNv\/","https:\/\/www.linkedin.com\/company\/roltex\/","https:\/\/www.instagram.com\/roltexserving\/#","https:\/\/www.youtube.com\/channel\/UCwD1rT9sd5dgZacAi12sHMw\/featured"]}]}},"_links":{"self":[{"href":"https:\/\/roltex.com\/sv\/wp-json\/wp\/v2\/pages\/3840","targetHints":{"allow":["GET"]}}],"collection":[{"href":"https:\/\/roltex.com\/sv\/wp-json\/wp\/v2\/pages"}],"about":[{"href":"https:\/\/roltex.com\/sv\/wp-json\/wp\/v2\/types\/page"}],"author":[{"embeddable":true,"href":"https:\/\/roltex.com\/sv\/wp-json\/wp\/v2\/users\/4"}],"replies":[{"embeddable":true,"href":"https:\/\/roltex.com\/sv\/wp-json\/wp\/v2\/comments?post=3840"}],"version-history":[{"count":6,"href":"https:\/\/roltex.com\/sv\/wp-json\/wp\/v2\/pages\/3840\/revisions"}],"predecessor-version":[{"id":5435,"href":"https:\/\/roltex.com\/sv\/wp-json\/wp\/v2\/pages\/3840\/revisions\/5435"}],"wp:attachment":[{"href":"https:\/\/roltex.com\/sv\/wp-json\/wp\/v2\/media?parent=3840"}],"wp:term":[{"taxonomy":"folder","embeddable":true,"href":"https:\/\/roltex.com\/sv\/wp-json\/wp\/v2\/folder?post=3840"}],"curies":[{"name":"wp","href":"https:\/\/api.w.org\/{rel}","templated":true}]}}