{"id":3834,"date":"2025-03-21T15:21:32","date_gmt":"2025-03-21T15:21:32","guid":{"rendered":"https:\/\/new.roltex.se\/?page_id=3834"},"modified":"2025-05-02T08:21:17","modified_gmt":"2025-05-02T08:21:17","slug":"livsmedelsbehallare","status":"publish","type":"page","link":"https:\/\/roltex.com\/sv\/our-products\/buffet-kitchen\/food-container\/","title":{"rendered":"Matbeh\u00e5llare"},"content":{"rendered":"","protected":false},"excerpt":{"rendered":"","protected":false},"author":1,"featured_media":0,"parent":3786,"menu_order":0,"comment_status":"closed","ping_status":"closed","template":"templates\/pagebuilder.php","meta":{"footnotes":""},"folder":[],"class_list":["post-3834","page","type-page","status-publish","hentry"],"yoast_head":"<!-- This site is optimized with the Yoast SEO plugin v27.1.1 - https:\/\/yoast.com\/product\/yoast-seo-wordpress\/ -->\n<title>Buffet Food Containers \u2013 Durable Gastronorm Storage\u00a0|\u00a0Roltex<\/title>\n<meta name=\"description\" content=\"Keep ingredients fresh and service\u2011ready with Roltex buffet food containers. Food\u2011safe, reusable Gastronorm formats for prep, storage &amp; display. Get a quote today.\" \/>\n<meta name=\"robots\" content=\"index, follow, max-snippet:-1, max-image-preview:large, max-video-preview:-1\" \/>\n<link rel=\"canonical\" href=\"https:\/\/roltex.com\/sv\/vara-produkter\/buffekok\/livsmedelsbehallare\/\" \/>\n<meta property=\"og:locale\" content=\"sv_SE\" \/>\n<meta property=\"og:type\" content=\"article\" \/>\n<meta property=\"og:title\" content=\"Buffet Food Containers \u2013 Durable Gastronorm Storage\u00a0|\u00a0Roltex\" \/>\n<meta property=\"og:description\" content=\"Keep ingredients fresh and service\u2011ready with Roltex buffet food containers. Food\u2011safe, reusable Gastronorm formats for prep, storage &amp; display. Get a quote today.\" \/>\n<meta property=\"og:url\" content=\"https:\/\/roltex.com\/sv\/vara-produkter\/buffekok\/livsmedelsbehallare\/\" \/>\n<meta property=\"og:site_name\" content=\"Roltex\" \/>\n<meta property=\"article:publisher\" content=\"https:\/\/www.facebook.com\/RoltexNv\/\" \/>\n<meta property=\"article:modified_time\" content=\"2025-05-02T08:21:17+00:00\" \/>\n<meta name=\"twitter:card\" content=\"summary_large_image\" \/>\n<script type=\"application\/ld+json\" class=\"yoast-schema-graph\">{\"@context\":\"https:\/\/schema.org\",\"@graph\":[{\"@type\":\"WebPage\",\"@id\":\"https:\/\/roltex.com\/our-products\/buffet-kitchen\/food-container\/\",\"url\":\"https:\/\/roltex.com\/our-products\/buffet-kitchen\/food-container\/\",\"name\":\"Buffet Food Containers \u2013 Durable Gastronorm Storage\u00a0|\u00a0Roltex\",\"isPartOf\":{\"@id\":\"https:\/\/roltex.com\/#website\"},\"datePublished\":\"2025-03-21T15:21:32+00:00\",\"dateModified\":\"2025-05-02T08:21:17+00:00\",\"description\":\"Keep ingredients fresh and service\u2011ready with Roltex buffet food containers. Food\u2011safe, reusable Gastronorm formats for prep, storage & display. Get a quote today.\",\"breadcrumb\":{\"@id\":\"https:\/\/roltex.com\/our-products\/buffet-kitchen\/food-container\/#breadcrumb\"},\"inLanguage\":\"sv-SE\",\"potentialAction\":[{\"@type\":\"ReadAction\",\"target\":[\"https:\/\/roltex.com\/our-products\/buffet-kitchen\/food-container\/\"]}]},{\"@type\":\"BreadcrumbList\",\"@id\":\"https:\/\/roltex.com\/our-products\/buffet-kitchen\/food-container\/#breadcrumb\",\"itemListElement\":[{\"@type\":\"ListItem\",\"position\":1,\"name\":\"Home\",\"item\":\"https:\/\/roltex.com\/\"},{\"@type\":\"ListItem\",\"position\":2,\"name\":\"Our products\",\"item\":\"https:\/\/roltex.com\/our-products\/\"},{\"@type\":\"ListItem\",\"position\":3,\"name\":\"Buffet &#038; Kitchen\",\"item\":\"https:\/\/roltex.com\/our-products\/buffet-kitchen\/\"},{\"@type\":\"ListItem\",\"position\":4,\"name\":\"Food Container\"}]},{\"@type\":\"WebSite\",\"@id\":\"https:\/\/roltex.com\/#website\",\"url\":\"https:\/\/roltex.com\/\",\"name\":\"Roltex\",\"description\":\"We love to serve you - Roltex\",\"publisher\":{\"@id\":\"https:\/\/roltex.com\/#organization\"},\"potentialAction\":[{\"@type\":\"SearchAction\",\"target\":{\"@type\":\"EntryPoint\",\"urlTemplate\":\"https:\/\/roltex.com\/?s={search_term_string}\"},\"query-input\":{\"@type\":\"PropertyValueSpecification\",\"valueRequired\":true,\"valueName\":\"search_term_string\"}}],\"inLanguage\":\"sv-SE\"},{\"@type\":\"Organization\",\"@id\":\"https:\/\/roltex.com\/#organization\",\"name\":\"Roltex\",\"url\":\"https:\/\/roltex.com\/\",\"logo\":{\"@type\":\"ImageObject\",\"inLanguage\":\"sv-SE\",\"@id\":\"https:\/\/roltex.com\/#\/schema\/logo\/image\/\",\"url\":\"https:\/\/roltex.com\/wp-content\/uploads\/2025\/03\/Logga_red-background.png\",\"contentUrl\":\"https:\/\/roltex.com\/wp-content\/uploads\/2025\/03\/Logga_red-background.png\",\"width\":1080,\"height\":1080,\"caption\":\"Roltex\"},\"image\":{\"@id\":\"https:\/\/roltex.com\/#\/schema\/logo\/image\/\"},\"sameAs\":[\"https:\/\/www.facebook.com\/RoltexNv\/\",\"https:\/\/www.linkedin.com\/company\/roltex\/\",\"https:\/\/www.instagram.com\/roltexserving\/#\",\"https:\/\/www.youtube.com\/channel\/UCwD1rT9sd5dgZacAi12sHMw\/featured\"]}]}<\/script>\n<!-- \/ Yoast SEO plugin. -->","yoast_head_json":{"title":"F\u00f6rvaringsbeh\u00e5llare f\u00f6r buff\u00e9mat - h\u00e5llbar f\u00f6rvaring i Gastronorm | Roltex","description":"H\u00e5ll ingredienserna fr\u00e4scha och redo f\u00f6r servering med Roltex matbeh\u00e5llare f\u00f6r buff\u00e9er. Livsmedelss\u00e4kra, \u00e5teranv\u00e4ndbara Gastronorm-format f\u00f6r f\u00f6rberedelser, f\u00f6rvaring och exponering. F\u00e5 en offert idag.","robots":{"index":"index","follow":"follow","max-snippet":"max-snippet:-1","max-image-preview":"max-image-preview:large","max-video-preview":"max-video-preview:-1"},"canonical":"https:\/\/roltex.com\/sv\/vara-produkter\/buffekok\/livsmedelsbehallare\/","og_locale":"sv_SE","og_type":"article","og_title":"Buffet Food Containers \u2013 Durable Gastronorm Storage\u00a0|\u00a0Roltex","og_description":"Keep ingredients fresh and service\u2011ready with Roltex buffet food containers. Food\u2011safe, reusable Gastronorm formats for prep, storage & display. Get a quote today.","og_url":"https:\/\/roltex.com\/sv\/vara-produkter\/buffekok\/livsmedelsbehallare\/","og_site_name":"Roltex","article_publisher":"https:\/\/www.facebook.com\/RoltexNv\/","article_modified_time":"2025-05-02T08:21:17+00:00","twitter_card":"summary_large_image","schema":{"@context":"https:\/\/schema.org","@graph":[{"@type":"WebPage","@id":"https:\/\/roltex.com\/our-products\/buffet-kitchen\/food-container\/","url":"https:\/\/roltex.com\/our-products\/buffet-kitchen\/food-container\/","name":"F\u00f6rvaringsbeh\u00e5llare f\u00f6r buff\u00e9mat - h\u00e5llbar f\u00f6rvaring i Gastronorm | Roltex","isPartOf":{"@id":"https:\/\/roltex.com\/#website"},"datePublished":"2025-03-21T15:21:32+00:00","dateModified":"2025-05-02T08:21:17+00:00","description":"H\u00e5ll ingredienserna fr\u00e4scha och redo f\u00f6r servering med Roltex matbeh\u00e5llare f\u00f6r buff\u00e9er. Livsmedelss\u00e4kra, \u00e5teranv\u00e4ndbara Gastronorm-format f\u00f6r f\u00f6rberedelser, f\u00f6rvaring och exponering. F\u00e5 en offert idag.","breadcrumb":{"@id":"https:\/\/roltex.com\/our-products\/buffet-kitchen\/food-container\/#breadcrumb"},"inLanguage":"sv-SE","potentialAction":[{"@type":"ReadAction","target":["https:\/\/roltex.com\/our-products\/buffet-kitchen\/food-container\/"]}]},{"@type":"BreadcrumbList","@id":"https:\/\/roltex.com\/our-products\/buffet-kitchen\/food-container\/#breadcrumb","itemListElement":[{"@type":"ListItem","position":1,"name":"Home","item":"https:\/\/roltex.com\/"},{"@type":"ListItem","position":2,"name":"Our products","item":"https:\/\/roltex.com\/our-products\/"},{"@type":"ListItem","position":3,"name":"Buffet &#038; Kitchen","item":"https:\/\/roltex.com\/our-products\/buffet-kitchen\/"},{"@type":"ListItem","position":4,"name":"Food Container"}]},{"@type":"WebSite","@id":"https:\/\/roltex.com\/#website","url":"https:\/\/roltex.com\/","name":"Roltex","description":"Vi \u00e4lskar att tj\u00e4na dig - Roltex","publisher":{"@id":"https:\/\/roltex.com\/#organization"},"potentialAction":[{"@type":"SearchAction","target":{"@type":"EntryPoint","urlTemplate":"https:\/\/roltex.com\/?s={search_term_string}"},"query-input":{"@type":"PropertyValueSpecification","valueRequired":true,"valueName":"search_term_string"}}],"inLanguage":"sv-SE"},{"@type":"Organization","@id":"https:\/\/roltex.com\/#organization","name":"Roltex","url":"https:\/\/roltex.com\/","logo":{"@type":"ImageObject","inLanguage":"sv-SE","@id":"https:\/\/roltex.com\/#\/schema\/logo\/image\/","url":"https:\/\/roltex.com\/wp-content\/uploads\/2025\/03\/Logga_red-background.png","contentUrl":"https:\/\/roltex.com\/wp-content\/uploads\/2025\/03\/Logga_red-background.png","width":1080,"height":1080,"caption":"Roltex"},"image":{"@id":"https:\/\/roltex.com\/#\/schema\/logo\/image\/"},"sameAs":["https:\/\/www.facebook.com\/RoltexNv\/","https:\/\/www.linkedin.com\/company\/roltex\/","https:\/\/www.instagram.com\/roltexserving\/#","https:\/\/www.youtube.com\/channel\/UCwD1rT9sd5dgZacAi12sHMw\/featured"]}]}},"_links":{"self":[{"href":"https:\/\/roltex.com\/sv\/wp-json\/wp\/v2\/pages\/3834","targetHints":{"allow":["GET"]}}],"collection":[{"href":"https:\/\/roltex.com\/sv\/wp-json\/wp\/v2\/pages"}],"about":[{"href":"https:\/\/roltex.com\/sv\/wp-json\/wp\/v2\/types\/page"}],"author":[{"embeddable":true,"href":"https:\/\/roltex.com\/sv\/wp-json\/wp\/v2\/users\/1"}],"replies":[{"embeddable":true,"href":"https:\/\/roltex.com\/sv\/wp-json\/wp\/v2\/comments?post=3834"}],"version-history":[{"count":1,"href":"https:\/\/roltex.com\/sv\/wp-json\/wp\/v2\/pages\/3834\/revisions"}],"predecessor-version":[{"id":3835,"href":"https:\/\/roltex.com\/sv\/wp-json\/wp\/v2\/pages\/3834\/revisions\/3835"}],"up":[{"embeddable":true,"href":"https:\/\/roltex.com\/sv\/wp-json\/wp\/v2\/pages\/3786"}],"wp:attachment":[{"href":"https:\/\/roltex.com\/sv\/wp-json\/wp\/v2\/media?parent=3834"}],"wp:term":[{"taxonomy":"folder","embeddable":true,"href":"https:\/\/roltex.com\/sv\/wp-json\/wp\/v2\/folder?post=3834"}],"curies":[{"name":"wp","href":"https:\/\/api.w.org\/{rel}","templated":true}]}}