{"id":3792,"date":"2025-03-21T13:45:44","date_gmt":"2025-03-21T13:45:44","guid":{"rendered":"https:\/\/new.roltex.se\/?page_id=3792"},"modified":"2025-04-27T12:44:29","modified_gmt":"2025-04-27T12:44:29","slug":"termoplastisk-bricka","status":"publish","type":"page","link":"https:\/\/roltex.com\/sv\/our-products\/trays\/thermoplastic-tray\/","title":{"rendered":"Termoplastisk bricka"},"content":{"rendered":"","protected":false},"excerpt":{"rendered":"","protected":false},"author":1,"featured_media":0,"parent":1827,"menu_order":0,"comment_status":"closed","ping_status":"closed","template":"templates\/pagebuilder.php","meta":{"footnotes":""},"folder":[],"class_list":["post-3792","page","type-page","status-publish","hentry"],"yoast_head":"<!-- This site is optimized with the Yoast SEO plugin v27.1.1 - https:\/\/yoast.com\/product\/yoast-seo-wordpress\/ -->\n<title>Thermoplastic Trays \u2013 Durable &amp; Functional | Roltex<\/title>\n<meta name=\"description\" content=\"Discover Roltex\u2019s thermoplastic trays, built for durability and functionality. Ideal for professional food service and catering environments.\" \/>\n<meta name=\"robots\" content=\"index, follow, max-snippet:-1, max-image-preview:large, max-video-preview:-1\" \/>\n<link rel=\"canonical\" href=\"https:\/\/roltex.com\/sv\/vara-produkter\/brickor\/termoplastisk-bricka\/\" \/>\n<meta property=\"og:locale\" content=\"sv_SE\" \/>\n<meta property=\"og:type\" content=\"article\" \/>\n<meta property=\"og:title\" content=\"Thermoplastic Trays \u2013 Durable &amp; Functional | Roltex\" \/>\n<meta property=\"og:description\" content=\"Discover Roltex\u2019s thermoplastic trays, built for durability and functionality. Ideal for professional food service and catering environments.\" \/>\n<meta property=\"og:url\" content=\"https:\/\/roltex.com\/sv\/vara-produkter\/brickor\/termoplastisk-bricka\/\" \/>\n<meta property=\"og:site_name\" content=\"Roltex\" \/>\n<meta property=\"article:publisher\" content=\"https:\/\/www.facebook.com\/RoltexNv\/\" \/>\n<meta property=\"article:modified_time\" content=\"2025-04-27T12:44:29+00:00\" \/>\n<meta name=\"twitter:card\" content=\"summary_large_image\" \/>\n<script type=\"application\/ld+json\" class=\"yoast-schema-graph\">{\"@context\":\"https:\/\/schema.org\",\"@graph\":[{\"@type\":\"WebPage\",\"@id\":\"https:\/\/roltex.com\/our-products\/trays\/thermoplastic-tray\/\",\"url\":\"https:\/\/roltex.com\/our-products\/trays\/thermoplastic-tray\/\",\"name\":\"Thermoplastic Trays \u2013 Durable & Functional | Roltex\",\"isPartOf\":{\"@id\":\"https:\/\/roltex.com\/#website\"},\"datePublished\":\"2025-03-21T13:45:44+00:00\",\"dateModified\":\"2025-04-27T12:44:29+00:00\",\"description\":\"Discover Roltex\u2019s thermoplastic trays, built for durability and functionality. Ideal for professional food service and catering environments.\",\"breadcrumb\":{\"@id\":\"https:\/\/roltex.com\/our-products\/trays\/thermoplastic-tray\/#breadcrumb\"},\"inLanguage\":\"sv-SE\",\"potentialAction\":[{\"@type\":\"ReadAction\",\"target\":[\"https:\/\/roltex.com\/our-products\/trays\/thermoplastic-tray\/\"]}]},{\"@type\":\"BreadcrumbList\",\"@id\":\"https:\/\/roltex.com\/our-products\/trays\/thermoplastic-tray\/#breadcrumb\",\"itemListElement\":[{\"@type\":\"ListItem\",\"position\":1,\"name\":\"Home\",\"item\":\"https:\/\/roltex.com\/\"},{\"@type\":\"ListItem\",\"position\":2,\"name\":\"Our products\",\"item\":\"https:\/\/roltex.com\/our-products\/\"},{\"@type\":\"ListItem\",\"position\":3,\"name\":\"Trays\",\"item\":\"https:\/\/roltex.com\/our-products\/trays\/\"},{\"@type\":\"ListItem\",\"position\":4,\"name\":\"Thermoplastic Tray\"}]},{\"@type\":\"WebSite\",\"@id\":\"https:\/\/roltex.com\/#website\",\"url\":\"https:\/\/roltex.com\/\",\"name\":\"Roltex\",\"description\":\"We love to serve you - Roltex\",\"publisher\":{\"@id\":\"https:\/\/roltex.com\/#organization\"},\"potentialAction\":[{\"@type\":\"SearchAction\",\"target\":{\"@type\":\"EntryPoint\",\"urlTemplate\":\"https:\/\/roltex.com\/?s={search_term_string}\"},\"query-input\":{\"@type\":\"PropertyValueSpecification\",\"valueRequired\":true,\"valueName\":\"search_term_string\"}}],\"inLanguage\":\"sv-SE\"},{\"@type\":\"Organization\",\"@id\":\"https:\/\/roltex.com\/#organization\",\"name\":\"Roltex\",\"url\":\"https:\/\/roltex.com\/\",\"logo\":{\"@type\":\"ImageObject\",\"inLanguage\":\"sv-SE\",\"@id\":\"https:\/\/roltex.com\/#\/schema\/logo\/image\/\",\"url\":\"https:\/\/roltex.com\/wp-content\/uploads\/2025\/03\/Logga_red-background.png\",\"contentUrl\":\"https:\/\/roltex.com\/wp-content\/uploads\/2025\/03\/Logga_red-background.png\",\"width\":1080,\"height\":1080,\"caption\":\"Roltex\"},\"image\":{\"@id\":\"https:\/\/roltex.com\/#\/schema\/logo\/image\/\"},\"sameAs\":[\"https:\/\/www.facebook.com\/RoltexNv\/\",\"https:\/\/www.linkedin.com\/company\/roltex\/\",\"https:\/\/www.instagram.com\/roltexserving\/#\",\"https:\/\/www.youtube.com\/channel\/UCwD1rT9sd5dgZacAi12sHMw\/featured\"]}]}<\/script>\n<!-- \/ Yoast SEO plugin. -->","yoast_head_json":{"title":"Brickor i termoplast - h\u00e5llbara och funktionella | Roltex","description":"Uppt\u00e4ck Roltex termoplasttr\u00e5g, byggda f\u00f6r h\u00e5llbarhet och funktionalitet. Idealiska f\u00f6r professionell matservering och cateringmilj\u00f6er.","robots":{"index":"index","follow":"follow","max-snippet":"max-snippet:-1","max-image-preview":"max-image-preview:large","max-video-preview":"max-video-preview:-1"},"canonical":"https:\/\/roltex.com\/sv\/vara-produkter\/brickor\/termoplastisk-bricka\/","og_locale":"sv_SE","og_type":"article","og_title":"Thermoplastic Trays \u2013 Durable & Functional | Roltex","og_description":"Discover Roltex\u2019s thermoplastic trays, built for durability and functionality. Ideal for professional food service and catering environments.","og_url":"https:\/\/roltex.com\/sv\/vara-produkter\/brickor\/termoplastisk-bricka\/","og_site_name":"Roltex","article_publisher":"https:\/\/www.facebook.com\/RoltexNv\/","article_modified_time":"2025-04-27T12:44:29+00:00","twitter_card":"summary_large_image","schema":{"@context":"https:\/\/schema.org","@graph":[{"@type":"WebPage","@id":"https:\/\/roltex.com\/our-products\/trays\/thermoplastic-tray\/","url":"https:\/\/roltex.com\/our-products\/trays\/thermoplastic-tray\/","name":"Brickor i termoplast - h\u00e5llbara och funktionella | Roltex","isPartOf":{"@id":"https:\/\/roltex.com\/#website"},"datePublished":"2025-03-21T13:45:44+00:00","dateModified":"2025-04-27T12:44:29+00:00","description":"Uppt\u00e4ck Roltex termoplasttr\u00e5g, byggda f\u00f6r h\u00e5llbarhet och funktionalitet. Idealiska f\u00f6r professionell matservering och cateringmilj\u00f6er.","breadcrumb":{"@id":"https:\/\/roltex.com\/our-products\/trays\/thermoplastic-tray\/#breadcrumb"},"inLanguage":"sv-SE","potentialAction":[{"@type":"ReadAction","target":["https:\/\/roltex.com\/our-products\/trays\/thermoplastic-tray\/"]}]},{"@type":"BreadcrumbList","@id":"https:\/\/roltex.com\/our-products\/trays\/thermoplastic-tray\/#breadcrumb","itemListElement":[{"@type":"ListItem","position":1,"name":"Home","item":"https:\/\/roltex.com\/"},{"@type":"ListItem","position":2,"name":"Our products","item":"https:\/\/roltex.com\/our-products\/"},{"@type":"ListItem","position":3,"name":"Trays","item":"https:\/\/roltex.com\/our-products\/trays\/"},{"@type":"ListItem","position":4,"name":"Thermoplastic Tray"}]},{"@type":"WebSite","@id":"https:\/\/roltex.com\/#website","url":"https:\/\/roltex.com\/","name":"Roltex","description":"Vi \u00e4lskar att tj\u00e4na dig - Roltex","publisher":{"@id":"https:\/\/roltex.com\/#organization"},"potentialAction":[{"@type":"SearchAction","target":{"@type":"EntryPoint","urlTemplate":"https:\/\/roltex.com\/?s={search_term_string}"},"query-input":{"@type":"PropertyValueSpecification","valueRequired":true,"valueName":"search_term_string"}}],"inLanguage":"sv-SE"},{"@type":"Organization","@id":"https:\/\/roltex.com\/#organization","name":"Roltex","url":"https:\/\/roltex.com\/","logo":{"@type":"ImageObject","inLanguage":"sv-SE","@id":"https:\/\/roltex.com\/#\/schema\/logo\/image\/","url":"https:\/\/roltex.com\/wp-content\/uploads\/2025\/03\/Logga_red-background.png","contentUrl":"https:\/\/roltex.com\/wp-content\/uploads\/2025\/03\/Logga_red-background.png","width":1080,"height":1080,"caption":"Roltex"},"image":{"@id":"https:\/\/roltex.com\/#\/schema\/logo\/image\/"},"sameAs":["https:\/\/www.facebook.com\/RoltexNv\/","https:\/\/www.linkedin.com\/company\/roltex\/","https:\/\/www.instagram.com\/roltexserving\/#","https:\/\/www.youtube.com\/channel\/UCwD1rT9sd5dgZacAi12sHMw\/featured"]}]}},"_links":{"self":[{"href":"https:\/\/roltex.com\/sv\/wp-json\/wp\/v2\/pages\/3792","targetHints":{"allow":["GET"]}}],"collection":[{"href":"https:\/\/roltex.com\/sv\/wp-json\/wp\/v2\/pages"}],"about":[{"href":"https:\/\/roltex.com\/sv\/wp-json\/wp\/v2\/types\/page"}],"author":[{"embeddable":true,"href":"https:\/\/roltex.com\/sv\/wp-json\/wp\/v2\/users\/1"}],"replies":[{"embeddable":true,"href":"https:\/\/roltex.com\/sv\/wp-json\/wp\/v2\/comments?post=3792"}],"version-history":[{"count":1,"href":"https:\/\/roltex.com\/sv\/wp-json\/wp\/v2\/pages\/3792\/revisions"}],"predecessor-version":[{"id":3793,"href":"https:\/\/roltex.com\/sv\/wp-json\/wp\/v2\/pages\/3792\/revisions\/3793"}],"up":[{"embeddable":true,"href":"https:\/\/roltex.com\/sv\/wp-json\/wp\/v2\/pages\/1827"}],"wp:attachment":[{"href":"https:\/\/roltex.com\/sv\/wp-json\/wp\/v2\/media?parent=3792"}],"wp:term":[{"taxonomy":"folder","embeddable":true,"href":"https:\/\/roltex.com\/sv\/wp-json\/wp\/v2\/folder?post=3792"}],"curies":[{"name":"wp","href":"https:\/\/api.w.org\/{rel}","templated":true}]}}