{"id":235,"date":"2023-02-06T15:47:28","date_gmt":"2023-02-06T14:47:28","guid":{"rendered":"https:\/\/al.webone.se\/?page_id=235"},"modified":"2026-02-10T15:53:26","modified_gmt":"2026-02-10T15:53:26","slug":"startsida","status":"publish","type":"page","link":"https:\/\/roltex.com\/sv\/","title":{"rendered":"F\u00f6rsta sidan"},"content":{"rendered":"","protected":false},"excerpt":{"rendered":"","protected":false},"author":1,"featured_media":0,"parent":0,"menu_order":0,"comment_status":"closed","ping_status":"closed","template":"templates\/pagebuilder.php","meta":{"footnotes":""},"folder":[],"class_list":["post-235","page","type-page","status-publish","hentry"],"yoast_head":"<!-- This site is optimized with the Yoast SEO plugin v27.1.1 - https:\/\/yoast.com\/product\/yoast-seo-wordpress\/ -->\n<title>Roltex Serving Solutions | Customizable Products for All Industries<\/title>\n<meta name=\"description\" content=\"Explore Roltex serving solutions \u2013 durable, customizable products for hospitality, healthcare, retail, and entertainment sectors.\" \/>\n<meta name=\"robots\" content=\"index, follow, max-snippet:-1, max-image-preview:large, max-video-preview:-1\" \/>\n<link rel=\"canonical\" href=\"https:\/\/roltex.com\/sv\/\" \/>\n<meta property=\"og:locale\" content=\"sv_SE\" \/>\n<meta property=\"og:type\" content=\"article\" \/>\n<meta property=\"og:title\" content=\"Roltex Serving Solutions | Customizable Products for All Industries\" \/>\n<meta property=\"og:description\" content=\"Explore Roltex serving solutions \u2013 durable, customizable products for hospitality, healthcare, retail, and entertainment sectors.\" \/>\n<meta property=\"og:url\" content=\"https:\/\/roltex.com\/sv\/\" \/>\n<meta property=\"og:site_name\" content=\"Roltex\" \/>\n<meta property=\"article:publisher\" content=\"https:\/\/www.facebook.com\/RoltexNv\/\" \/>\n<meta property=\"article:modified_time\" content=\"2026-02-10T15:53:26+00:00\" \/>\n<meta name=\"twitter:card\" content=\"summary_large_image\" \/>\n<script type=\"application\/ld+json\" class=\"yoast-schema-graph\">{\"@context\":\"https:\/\/schema.org\",\"@graph\":[{\"@type\":\"WebPage\",\"@id\":\"https:\/\/roltex.com\/\",\"url\":\"https:\/\/roltex.com\/\",\"name\":\"Roltex Serving Solutions | Customizable Products for All Industries\",\"isPartOf\":{\"@id\":\"https:\/\/roltex.com\/#website\"},\"datePublished\":\"2023-02-06T14:47:28+00:00\",\"dateModified\":\"2026-02-10T15:53:26+00:00\",\"description\":\"Explore Roltex serving solutions \u2013 durable, customizable products for hospitality, healthcare, retail, and entertainment sectors.\",\"breadcrumb\":{\"@id\":\"https:\/\/roltex.com\/#breadcrumb\"},\"inLanguage\":\"sv-SE\",\"potentialAction\":[{\"@type\":\"ReadAction\",\"target\":[\"https:\/\/roltex.com\/\"]}]},{\"@type\":\"BreadcrumbList\",\"@id\":\"https:\/\/roltex.com\/#breadcrumb\",\"itemListElement\":[{\"@type\":\"ListItem\",\"position\":1,\"name\":\"Home\",\"item\":\"https:\/\/roltex.com\/\"},{\"@type\":\"ListItem\",\"position\":2,\"name\":\"Front page\"}]},{\"@type\":\"WebSite\",\"@id\":\"https:\/\/roltex.com\/#website\",\"url\":\"https:\/\/roltex.com\/\",\"name\":\"Roltex\",\"description\":\"We love to serve you - Roltex\",\"publisher\":{\"@id\":\"https:\/\/roltex.com\/#organization\"},\"potentialAction\":[{\"@type\":\"SearchAction\",\"target\":{\"@type\":\"EntryPoint\",\"urlTemplate\":\"https:\/\/roltex.com\/?s={search_term_string}\"},\"query-input\":{\"@type\":\"PropertyValueSpecification\",\"valueRequired\":true,\"valueName\":\"search_term_string\"}}],\"inLanguage\":\"sv-SE\"},{\"@type\":\"Organization\",\"@id\":\"https:\/\/roltex.com\/#organization\",\"name\":\"Roltex\",\"url\":\"https:\/\/roltex.com\/\",\"logo\":{\"@type\":\"ImageObject\",\"inLanguage\":\"sv-SE\",\"@id\":\"https:\/\/roltex.com\/#\/schema\/logo\/image\/\",\"url\":\"https:\/\/roltex.com\/wp-content\/uploads\/2025\/03\/Logga_red-background.png\",\"contentUrl\":\"https:\/\/roltex.com\/wp-content\/uploads\/2025\/03\/Logga_red-background.png\",\"width\":1080,\"height\":1080,\"caption\":\"Roltex\"},\"image\":{\"@id\":\"https:\/\/roltex.com\/#\/schema\/logo\/image\/\"},\"sameAs\":[\"https:\/\/www.facebook.com\/RoltexNv\/\",\"https:\/\/www.linkedin.com\/company\/roltex\/\",\"https:\/\/www.instagram.com\/roltexserving\/#\",\"https:\/\/www.youtube.com\/channel\/UCwD1rT9sd5dgZacAi12sHMw\/featured\"]}]}<\/script>\n<!-- \/ Yoast SEO plugin. -->","yoast_head_json":{"title":"Roltex Serving Solutions | Anpassningsbara produkter f\u00f6r alla branscher","description":"Utforska Roltex serveringsl\u00f6sningar - h\u00e5llbara, anpassningsbara produkter f\u00f6r hotell- och restaurangbranschen, sjukv\u00e5rden, detaljhandeln och underh\u00e5llningssektorn.","robots":{"index":"index","follow":"follow","max-snippet":"max-snippet:-1","max-image-preview":"max-image-preview:large","max-video-preview":"max-video-preview:-1"},"canonical":"https:\/\/roltex.com\/sv\/","og_locale":"sv_SE","og_type":"article","og_title":"Roltex Serving Solutions | Customizable Products for All Industries","og_description":"Explore Roltex serving solutions \u2013 durable, customizable products for hospitality, healthcare, retail, and entertainment sectors.","og_url":"https:\/\/roltex.com\/sv\/","og_site_name":"Roltex","article_publisher":"https:\/\/www.facebook.com\/RoltexNv\/","article_modified_time":"2026-02-10T15:53:26+00:00","twitter_card":"summary_large_image","schema":{"@context":"https:\/\/schema.org","@graph":[{"@type":"WebPage","@id":"https:\/\/roltex.com\/","url":"https:\/\/roltex.com\/","name":"Roltex Serving Solutions | Anpassningsbara produkter f\u00f6r alla branscher","isPartOf":{"@id":"https:\/\/roltex.com\/#website"},"datePublished":"2023-02-06T14:47:28+00:00","dateModified":"2026-02-10T15:53:26+00:00","description":"Utforska Roltex serveringsl\u00f6sningar - h\u00e5llbara, anpassningsbara produkter f\u00f6r hotell- och restaurangbranschen, sjukv\u00e5rden, detaljhandeln och underh\u00e5llningssektorn.","breadcrumb":{"@id":"https:\/\/roltex.com\/#breadcrumb"},"inLanguage":"sv-SE","potentialAction":[{"@type":"ReadAction","target":["https:\/\/roltex.com\/"]}]},{"@type":"BreadcrumbList","@id":"https:\/\/roltex.com\/#breadcrumb","itemListElement":[{"@type":"ListItem","position":1,"name":"Home","item":"https:\/\/roltex.com\/"},{"@type":"ListItem","position":2,"name":"Front page"}]},{"@type":"WebSite","@id":"https:\/\/roltex.com\/#website","url":"https:\/\/roltex.com\/","name":"Roltex","description":"Vi \u00e4lskar att tj\u00e4na dig - Roltex","publisher":{"@id":"https:\/\/roltex.com\/#organization"},"potentialAction":[{"@type":"SearchAction","target":{"@type":"EntryPoint","urlTemplate":"https:\/\/roltex.com\/?s={search_term_string}"},"query-input":{"@type":"PropertyValueSpecification","valueRequired":true,"valueName":"search_term_string"}}],"inLanguage":"sv-SE"},{"@type":"Organization","@id":"https:\/\/roltex.com\/#organization","name":"Roltex","url":"https:\/\/roltex.com\/","logo":{"@type":"ImageObject","inLanguage":"sv-SE","@id":"https:\/\/roltex.com\/#\/schema\/logo\/image\/","url":"https:\/\/roltex.com\/wp-content\/uploads\/2025\/03\/Logga_red-background.png","contentUrl":"https:\/\/roltex.com\/wp-content\/uploads\/2025\/03\/Logga_red-background.png","width":1080,"height":1080,"caption":"Roltex"},"image":{"@id":"https:\/\/roltex.com\/#\/schema\/logo\/image\/"},"sameAs":["https:\/\/www.facebook.com\/RoltexNv\/","https:\/\/www.linkedin.com\/company\/roltex\/","https:\/\/www.instagram.com\/roltexserving\/#","https:\/\/www.youtube.com\/channel\/UCwD1rT9sd5dgZacAi12sHMw\/featured"]}]}},"_links":{"self":[{"href":"https:\/\/roltex.com\/sv\/wp-json\/wp\/v2\/pages\/235","targetHints":{"allow":["GET"]}}],"collection":[{"href":"https:\/\/roltex.com\/sv\/wp-json\/wp\/v2\/pages"}],"about":[{"href":"https:\/\/roltex.com\/sv\/wp-json\/wp\/v2\/types\/page"}],"author":[{"embeddable":true,"href":"https:\/\/roltex.com\/sv\/wp-json\/wp\/v2\/users\/1"}],"replies":[{"embeddable":true,"href":"https:\/\/roltex.com\/sv\/wp-json\/wp\/v2\/comments?post=235"}],"version-history":[{"count":1,"href":"https:\/\/roltex.com\/sv\/wp-json\/wp\/v2\/pages\/235\/revisions"}],"predecessor-version":[{"id":1845,"href":"https:\/\/roltex.com\/sv\/wp-json\/wp\/v2\/pages\/235\/revisions\/1845"}],"wp:attachment":[{"href":"https:\/\/roltex.com\/sv\/wp-json\/wp\/v2\/media?parent=235"}],"wp:term":[{"taxonomy":"folder","embeddable":true,"href":"https:\/\/roltex.com\/sv\/wp-json\/wp\/v2\/folder?post=235"}],"curies":[{"name":"wp","href":"https:\/\/api.w.org\/{rel}","templated":true}]}}