{"id":1893,"date":"2025-03-19T07:45:06","date_gmt":"2025-03-19T07:45:06","guid":{"rendered":"https:\/\/new.roltex.se\/?page_id=1893"},"modified":"2025-04-29T13:29:59","modified_gmt":"2025-04-29T13:29:59","slug":"gron-slinga","status":"publish","type":"page","link":"https:\/\/roltex.com\/sv\/green-loop\/","title":{"rendered":"Green Loop"},"content":{"rendered":"<p><strong>Har du mycket p\u00e5 tallriken n\u00e4r det g\u00e4ller klimatm\u00e5len? Dags att byta tallrik!<\/strong><\/p>\n<p><strong>\u00a0<\/strong><\/p>\n<p>Green Loop System handlar om cirkularitet och \u00e5teranv\u00e4ndning. Och vi \u00e4r lika milj\u00f6medvetna genom hela kedjan, fr\u00e5n r\u00e5material till f\u00e4rdig produkt. Sedan k\u00f6r vi hela processen om och om igen - upp till sju g\u00e5nger med samma material.<\/p>\n<p><strong>\u00a0<\/strong><\/p>\n<p>With Green Loop in effective sustainability work in your workplace, you get proven, immediate carbon savings and, in many cases, tens of tonnes automatically reported to CSRD standards.<\/p>\n<p><strong>\u00a0<\/strong><\/p>\n<p><strong>\u201dThe circular economy is a powerful tool in the transition to a resource-efficient society, and can help us reach our environmental and climate goals.\u201d<\/strong><\/p>\n<p><strong>\u00a0\u00a0\u00a0\u00a0\u00a0\u00a0\u00a0\u00a0\u00a0\u00a0\u00a0\u00a0\u00a0\u00a0\u00a0\u00a0\u00a0\u00a0\u00a0\u00a0\u00a0\u00a0\u00a0\u00a0\u00a0\u00a0\u00a0\u00a0\u00a0\u00a0\u00a0\u00a0\u00a0\u00a0\u00a0\u00a0\u00a0\u00a0\u00a0\u00a0\u00a0\u00a0\u00a0\u00a0\u00a0\u00a0\u00a0\u00a0\u00a0\u00a0\u00a0\u00a0\u00a0\u00a0\u00a0\u00a0\u00a0\u00a0\u00a0\u00a0\u00a0\u00a0\u00a0\u00a0\u00a0\u00a0\u00a0\u00a0\u00a0\u00a0\u00a0\u00a0\u00a0\u00a0 <em>The Swedish Environmental Protection Agency<\/em><\/strong><\/p>\n<p><strong>\u00a0<\/strong><\/p>\n<p><strong>\u00a0<\/strong><\/p>\n<p><strong>Green Loop serves the future<\/strong><\/p>\n<p>&nbsp;<\/p>\n<ol>\n<li><strong> Environmentally friendly production<\/strong><\/li>\n<\/ol>\n<p><strong>\u00a0<\/strong><\/p>\n<p>The products in the Green Loop System are made exclusively from bio-based and BPA-free food-grade plastics.<\/p>\n<p>&nbsp;<\/p>\n<p>They are manufactured in an energy-efficient way in Eskilstuna, Sweden. And the production is one of the most environmentally friendly in Sweden \u2013 largely powered by Rolex\u2019s own solar cell plant.<\/p>\n<p>&nbsp;<\/p>\n<ol start=\"2\">\n<li><strong> Ett l\u00e5ngt och givande liv<\/strong><\/li>\n<\/ol>\n<p><strong>\u00a0<\/strong><\/p>\n<p>Our products are lightweight. They don&#8217;t clatter or break, and they have properties that make the meal enjoyable.<\/p>\n<p>&nbsp;<\/p>\n<p>Och de h\u00e5ller i hela 3-5 \u00e5r.<\/p>\n<p>&nbsp;<\/p>\n<ol start=\"3\">\n<li><strong> &#8230; and then seven more lives!<\/strong><\/li>\n<\/ol>\n<p><strong>\u00a0<\/strong><\/p>\n<p>N\u00e4r produkterna n\u00e5r slutet av sin livsl\u00e4ngd f\u00e5r de ett nytt liv i Eskilstuna. De mals till granulat och blir till nya produkter i Gr\u00f6na Slingan.<\/p>\n<p>&nbsp;<\/p>\n<p>Materialet kan \u00e5tervinnas upp till sju g\u00e5nger - vilket ger det en livsl\u00e4ngd p\u00e5 30 \u00e5r!<\/p>\n<p>&nbsp;<\/p>\n<p><strong>Det gr\u00f6na rapporteringsverktyget<\/strong><\/p>\n<p>&nbsp;<\/p>\n<p>We don&#8217;t <em>att<\/em> v\u00e5rt system g\u00f6r skillnad - vi <em>vet<\/em> det g\u00f6r det. Och som en del av Green Loop System kan du enkelt f\u00e5 tillg\u00e5ng till fakta om de klimatbesparingar du har bidragit till.<\/p>\n<p>&nbsp;<\/p>\n<p>The Green Reporting Tool is our unique service included in the Green Loop System. The tool calculates your company&#8217;s climate impact and automatically gives you the facts to include in your company\u2019s CSRD.<\/p>","protected":false},"excerpt":{"rendered":"<p>A lot on your plate when it comes to climate goals? Time to change the plate! \u00a0 The Green Loop System is all about circularity and reuse. And we are equally environmentally conscious throughout the entire chain, from raw material to the finished product. Then we loop the whole process again and again \u2013\u00a0up to\u2026     <a href=\"https:\/\/roltex.com\/sv\/green-loop\/\">L\u00e4s mer &raquo;<\/a><\/p>","protected":false},"author":4,"featured_media":0,"parent":0,"menu_order":0,"comment_status":"closed","ping_status":"closed","template":"templates\/pagebuilder.php","meta":{"footnotes":""},"folder":[],"class_list":["post-1893","page","type-page","status-publish","hentry"],"yoast_head":"<!-- This site is optimized with the Yoast SEO plugin v27.1.1 - https:\/\/yoast.com\/product\/yoast-seo-wordpress\/ -->\n<title>Green Loop Sustainability Program | Circular Solutions | Roltex<\/title>\n<meta name=\"description\" content=\"Discover Roltex\u2019s Green Loop program \u2013 reuse catering products, then recycle them 100% into new products for a circular economy.\" \/>\n<meta name=\"robots\" content=\"index, follow, max-snippet:-1, max-image-preview:large, max-video-preview:-1\" \/>\n<link rel=\"canonical\" href=\"https:\/\/roltex.com\/sv\/gron-slinga\/\" \/>\n<meta property=\"og:locale\" content=\"sv_SE\" \/>\n<meta property=\"og:type\" content=\"article\" \/>\n<meta property=\"og:title\" content=\"Green Loop Sustainability Program | Circular Solutions | Roltex\" \/>\n<meta property=\"og:description\" content=\"Discover Roltex\u2019s Green Loop program \u2013 reuse catering products, then recycle them 100% into new products for a circular economy.\" \/>\n<meta property=\"og:url\" content=\"https:\/\/roltex.com\/sv\/gron-slinga\/\" \/>\n<meta property=\"og:site_name\" content=\"Roltex\" \/>\n<meta property=\"article:publisher\" content=\"https:\/\/www.facebook.com\/RoltexNv\/\" \/>\n<meta property=\"article:modified_time\" content=\"2025-04-29T13:29:59+00:00\" \/>\n<meta name=\"twitter:card\" content=\"summary_large_image\" \/>\n<meta name=\"twitter:label1\" content=\"Ber\u00e4knad l\u00e4stid\" \/>\n\t<meta name=\"twitter:data1\" content=\"2 minuter\" \/>\n<script type=\"application\/ld+json\" class=\"yoast-schema-graph\">{\"@context\":\"https:\/\/schema.org\",\"@graph\":[{\"@type\":\"WebPage\",\"@id\":\"https:\/\/roltex.com\/green-loop\/\",\"url\":\"https:\/\/roltex.com\/green-loop\/\",\"name\":\"Green Loop Sustainability Program | Circular Solutions | Roltex\",\"isPartOf\":{\"@id\":\"https:\/\/roltex.com\/#website\"},\"datePublished\":\"2025-03-19T07:45:06+00:00\",\"dateModified\":\"2025-04-29T13:29:59+00:00\",\"description\":\"Discover Roltex\u2019s Green Loop program \u2013 reuse catering products, then recycle them 100% into new products for a circular economy.\",\"breadcrumb\":{\"@id\":\"https:\/\/roltex.com\/green-loop\/#breadcrumb\"},\"inLanguage\":\"sv-SE\",\"potentialAction\":[{\"@type\":\"ReadAction\",\"target\":[\"https:\/\/roltex.com\/green-loop\/\"]}]},{\"@type\":\"BreadcrumbList\",\"@id\":\"https:\/\/roltex.com\/green-loop\/#breadcrumb\",\"itemListElement\":[{\"@type\":\"ListItem\",\"position\":1,\"name\":\"Home\",\"item\":\"https:\/\/roltex.com\/\"},{\"@type\":\"ListItem\",\"position\":2,\"name\":\"Green Loop\"}]},{\"@type\":\"WebSite\",\"@id\":\"https:\/\/roltex.com\/#website\",\"url\":\"https:\/\/roltex.com\/\",\"name\":\"Roltex\",\"description\":\"We love to serve you - Roltex\",\"publisher\":{\"@id\":\"https:\/\/roltex.com\/#organization\"},\"potentialAction\":[{\"@type\":\"SearchAction\",\"target\":{\"@type\":\"EntryPoint\",\"urlTemplate\":\"https:\/\/roltex.com\/?s={search_term_string}\"},\"query-input\":{\"@type\":\"PropertyValueSpecification\",\"valueRequired\":true,\"valueName\":\"search_term_string\"}}],\"inLanguage\":\"sv-SE\"},{\"@type\":\"Organization\",\"@id\":\"https:\/\/roltex.com\/#organization\",\"name\":\"Roltex\",\"url\":\"https:\/\/roltex.com\/\",\"logo\":{\"@type\":\"ImageObject\",\"inLanguage\":\"sv-SE\",\"@id\":\"https:\/\/roltex.com\/#\/schema\/logo\/image\/\",\"url\":\"https:\/\/roltex.com\/wp-content\/uploads\/2025\/03\/Logga_red-background.png\",\"contentUrl\":\"https:\/\/roltex.com\/wp-content\/uploads\/2025\/03\/Logga_red-background.png\",\"width\":1080,\"height\":1080,\"caption\":\"Roltex\"},\"image\":{\"@id\":\"https:\/\/roltex.com\/#\/schema\/logo\/image\/\"},\"sameAs\":[\"https:\/\/www.facebook.com\/RoltexNv\/\",\"https:\/\/www.linkedin.com\/company\/roltex\/\",\"https:\/\/www.instagram.com\/roltexserving\/#\",\"https:\/\/www.youtube.com\/channel\/UCwD1rT9sd5dgZacAi12sHMw\/featured\"]}]}<\/script>\n<!-- \/ Yoast SEO plugin. -->","yoast_head_json":{"title":"H\u00e5llbarhetsprogrammet Green Loop | Cirkul\u00e4ra l\u00f6sningar | Roltex","description":"Uppt\u00e4ck Roltex Green Loop-program - \u00e5teranv\u00e4nd cateringprodukter och \u00e5tervinn dem sedan 100% till nya produkter f\u00f6r en cirkul\u00e4r ekonomi.","robots":{"index":"index","follow":"follow","max-snippet":"max-snippet:-1","max-image-preview":"max-image-preview:large","max-video-preview":"max-video-preview:-1"},"canonical":"https:\/\/roltex.com\/sv\/gron-slinga\/","og_locale":"sv_SE","og_type":"article","og_title":"Green Loop Sustainability Program | Circular Solutions | Roltex","og_description":"Discover Roltex\u2019s Green Loop program \u2013 reuse catering products, then recycle them 100% into new products for a circular economy.","og_url":"https:\/\/roltex.com\/sv\/gron-slinga\/","og_site_name":"Roltex","article_publisher":"https:\/\/www.facebook.com\/RoltexNv\/","article_modified_time":"2025-04-29T13:29:59+00:00","twitter_card":"summary_large_image","twitter_misc":{"Ber\u00e4knad l\u00e4stid":"2 minuter"},"schema":{"@context":"https:\/\/schema.org","@graph":[{"@type":"WebPage","@id":"https:\/\/roltex.com\/green-loop\/","url":"https:\/\/roltex.com\/green-loop\/","name":"H\u00e5llbarhetsprogrammet Green Loop | Cirkul\u00e4ra l\u00f6sningar | Roltex","isPartOf":{"@id":"https:\/\/roltex.com\/#website"},"datePublished":"2025-03-19T07:45:06+00:00","dateModified":"2025-04-29T13:29:59+00:00","description":"Uppt\u00e4ck Roltex Green Loop-program - \u00e5teranv\u00e4nd cateringprodukter och \u00e5tervinn dem sedan 100% till nya produkter f\u00f6r en cirkul\u00e4r ekonomi.","breadcrumb":{"@id":"https:\/\/roltex.com\/green-loop\/#breadcrumb"},"inLanguage":"sv-SE","potentialAction":[{"@type":"ReadAction","target":["https:\/\/roltex.com\/green-loop\/"]}]},{"@type":"BreadcrumbList","@id":"https:\/\/roltex.com\/green-loop\/#breadcrumb","itemListElement":[{"@type":"ListItem","position":1,"name":"Home","item":"https:\/\/roltex.com\/"},{"@type":"ListItem","position":2,"name":"Green Loop"}]},{"@type":"WebSite","@id":"https:\/\/roltex.com\/#website","url":"https:\/\/roltex.com\/","name":"Roltex","description":"Vi \u00e4lskar att tj\u00e4na dig - Roltex","publisher":{"@id":"https:\/\/roltex.com\/#organization"},"potentialAction":[{"@type":"SearchAction","target":{"@type":"EntryPoint","urlTemplate":"https:\/\/roltex.com\/?s={search_term_string}"},"query-input":{"@type":"PropertyValueSpecification","valueRequired":true,"valueName":"search_term_string"}}],"inLanguage":"sv-SE"},{"@type":"Organization","@id":"https:\/\/roltex.com\/#organization","name":"Roltex","url":"https:\/\/roltex.com\/","logo":{"@type":"ImageObject","inLanguage":"sv-SE","@id":"https:\/\/roltex.com\/#\/schema\/logo\/image\/","url":"https:\/\/roltex.com\/wp-content\/uploads\/2025\/03\/Logga_red-background.png","contentUrl":"https:\/\/roltex.com\/wp-content\/uploads\/2025\/03\/Logga_red-background.png","width":1080,"height":1080,"caption":"Roltex"},"image":{"@id":"https:\/\/roltex.com\/#\/schema\/logo\/image\/"},"sameAs":["https:\/\/www.facebook.com\/RoltexNv\/","https:\/\/www.linkedin.com\/company\/roltex\/","https:\/\/www.instagram.com\/roltexserving\/#","https:\/\/www.youtube.com\/channel\/UCwD1rT9sd5dgZacAi12sHMw\/featured"]}]}},"_links":{"self":[{"href":"https:\/\/roltex.com\/sv\/wp-json\/wp\/v2\/pages\/1893","targetHints":{"allow":["GET"]}}],"collection":[{"href":"https:\/\/roltex.com\/sv\/wp-json\/wp\/v2\/pages"}],"about":[{"href":"https:\/\/roltex.com\/sv\/wp-json\/wp\/v2\/types\/page"}],"author":[{"embeddable":true,"href":"https:\/\/roltex.com\/sv\/wp-json\/wp\/v2\/users\/4"}],"replies":[{"embeddable":true,"href":"https:\/\/roltex.com\/sv\/wp-json\/wp\/v2\/comments?post=1893"}],"version-history":[{"count":4,"href":"https:\/\/roltex.com\/sv\/wp-json\/wp\/v2\/pages\/1893\/revisions"}],"predecessor-version":[{"id":4810,"href":"https:\/\/roltex.com\/sv\/wp-json\/wp\/v2\/pages\/1893\/revisions\/4810"}],"wp:attachment":[{"href":"https:\/\/roltex.com\/sv\/wp-json\/wp\/v2\/media?parent=1893"}],"wp:term":[{"taxonomy":"folder","embeddable":true,"href":"https:\/\/roltex.com\/sv\/wp-json\/wp\/v2\/folder?post=1893"}],"curies":[{"name":"wp","href":"https:\/\/api.w.org\/{rel}","templated":true}]}}