{"id":3816,"date":"2025-03-21T14:50:58","date_gmt":"2025-03-21T14:50:58","guid":{"rendered":"https:\/\/new.roltex.se\/?page_id=3816"},"modified":"2025-04-27T12:34:03","modified_gmt":"2025-04-27T12:34:03","slug":"presentation","status":"publish","type":"page","link":"https:\/\/roltex.com\/fr\/our-products\/tableware\/presentation\/","title":{"rendered":"Pr\u00e9sentation"},"content":{"rendered":"","protected":false},"excerpt":{"rendered":"","protected":false},"author":1,"featured_media":0,"parent":3784,"menu_order":0,"comment_status":"closed","ping_status":"closed","template":"templates\/pagebuilder.php","meta":{"footnotes":""},"folder":[],"class_list":["post-3816","page","type-page","status-publish","hentry"],"yoast_head":"<!-- This site is optimized with the Yoast SEO plugin v27.1.1 - https:\/\/yoast.com\/product\/yoast-seo-wordpress\/ -->\n<title>Presentation Tableware for Professional Dining | Roltex<\/title>\n<meta name=\"description\" content=\"Discover Roltex\u2019s presentation tableware designed to elevate food displays. Perfect for buffets, restaurants, and catering services.\" \/>\n<meta name=\"robots\" content=\"index, follow, max-snippet:-1, max-image-preview:large, max-video-preview:-1\" \/>\n<link rel=\"canonical\" href=\"https:\/\/roltex.com\/fr\/nos-produits\/vaisselle\/presentation\/\" \/>\n<meta property=\"og:locale\" content=\"fr_FR\" \/>\n<meta property=\"og:type\" content=\"article\" \/>\n<meta property=\"og:title\" content=\"Presentation Tableware for Professional Dining | Roltex\" \/>\n<meta property=\"og:description\" content=\"Discover Roltex\u2019s presentation tableware designed to elevate food displays. Perfect for buffets, restaurants, and catering services.\" \/>\n<meta property=\"og:url\" content=\"https:\/\/roltex.com\/fr\/nos-produits\/vaisselle\/presentation\/\" \/>\n<meta property=\"og:site_name\" content=\"Roltex\" \/>\n<meta property=\"article:publisher\" content=\"https:\/\/www.facebook.com\/RoltexNv\/\" \/>\n<meta property=\"article:modified_time\" content=\"2025-04-27T12:34:03+00:00\" \/>\n<meta name=\"twitter:card\" content=\"summary_large_image\" \/>\n<script type=\"application\/ld+json\" class=\"yoast-schema-graph\">{\"@context\":\"https:\/\/schema.org\",\"@graph\":[{\"@type\":\"WebPage\",\"@id\":\"https:\/\/roltex.com\/our-products\/tableware\/presentation\/\",\"url\":\"https:\/\/roltex.com\/our-products\/tableware\/presentation\/\",\"name\":\"Presentation Tableware for Professional Dining | Roltex\",\"isPartOf\":{\"@id\":\"https:\/\/roltex.com\/#website\"},\"datePublished\":\"2025-03-21T14:50:58+00:00\",\"dateModified\":\"2025-04-27T12:34:03+00:00\",\"description\":\"Discover Roltex\u2019s presentation tableware designed to elevate food displays. Perfect for buffets, restaurants, and catering services.\",\"breadcrumb\":{\"@id\":\"https:\/\/roltex.com\/our-products\/tableware\/presentation\/#breadcrumb\"},\"inLanguage\":\"fr-FR\",\"potentialAction\":[{\"@type\":\"ReadAction\",\"target\":[\"https:\/\/roltex.com\/our-products\/tableware\/presentation\/\"]}]},{\"@type\":\"BreadcrumbList\",\"@id\":\"https:\/\/roltex.com\/our-products\/tableware\/presentation\/#breadcrumb\",\"itemListElement\":[{\"@type\":\"ListItem\",\"position\":1,\"name\":\"Home\",\"item\":\"https:\/\/roltex.com\/\"},{\"@type\":\"ListItem\",\"position\":2,\"name\":\"Our products\",\"item\":\"https:\/\/roltex.com\/our-products\/\"},{\"@type\":\"ListItem\",\"position\":3,\"name\":\"Tableware\",\"item\":\"https:\/\/roltex.com\/our-products\/tableware\/\"},{\"@type\":\"ListItem\",\"position\":4,\"name\":\"Presentation\"}]},{\"@type\":\"WebSite\",\"@id\":\"https:\/\/roltex.com\/#website\",\"url\":\"https:\/\/roltex.com\/\",\"name\":\"Roltex\",\"description\":\"We love to serve you - Roltex\",\"publisher\":{\"@id\":\"https:\/\/roltex.com\/#organization\"},\"potentialAction\":[{\"@type\":\"SearchAction\",\"target\":{\"@type\":\"EntryPoint\",\"urlTemplate\":\"https:\/\/roltex.com\/?s={search_term_string}\"},\"query-input\":{\"@type\":\"PropertyValueSpecification\",\"valueRequired\":true,\"valueName\":\"search_term_string\"}}],\"inLanguage\":\"fr-FR\"},{\"@type\":\"Organization\",\"@id\":\"https:\/\/roltex.com\/#organization\",\"name\":\"Roltex\",\"url\":\"https:\/\/roltex.com\/\",\"logo\":{\"@type\":\"ImageObject\",\"inLanguage\":\"fr-FR\",\"@id\":\"https:\/\/roltex.com\/#\/schema\/logo\/image\/\",\"url\":\"https:\/\/roltex.com\/wp-content\/uploads\/2025\/03\/Logga_red-background.png\",\"contentUrl\":\"https:\/\/roltex.com\/wp-content\/uploads\/2025\/03\/Logga_red-background.png\",\"width\":1080,\"height\":1080,\"caption\":\"Roltex\"},\"image\":{\"@id\":\"https:\/\/roltex.com\/#\/schema\/logo\/image\/\"},\"sameAs\":[\"https:\/\/www.facebook.com\/RoltexNv\/\",\"https:\/\/www.linkedin.com\/company\/roltex\/\",\"https:\/\/www.instagram.com\/roltexserving\/#\",\"https:\/\/www.youtube.com\/channel\/UCwD1rT9sd5dgZacAi12sHMw\/featured\"]}]}<\/script>\n<!-- \/ Yoast SEO plugin. -->","yoast_head_json":{"title":"Vaisselle de pr\u00e9sentation pour la restauration professionnelle | Roltex","description":"D\u00e9couvrez la vaisselle de pr\u00e9sentation Roltex con\u00e7ue pour rehausser les pr\u00e9sentations de nourriture. Parfaite pour les buffets, les restaurants et les services de restauration.","robots":{"index":"index","follow":"follow","max-snippet":"max-snippet:-1","max-image-preview":"max-image-preview:large","max-video-preview":"max-video-preview:-1"},"canonical":"https:\/\/roltex.com\/fr\/nos-produits\/vaisselle\/presentation\/","og_locale":"fr_FR","og_type":"article","og_title":"Presentation Tableware for Professional Dining | Roltex","og_description":"Discover Roltex\u2019s presentation tableware designed to elevate food displays. Perfect for buffets, restaurants, and catering services.","og_url":"https:\/\/roltex.com\/fr\/nos-produits\/vaisselle\/presentation\/","og_site_name":"Roltex","article_publisher":"https:\/\/www.facebook.com\/RoltexNv\/","article_modified_time":"2025-04-27T12:34:03+00:00","twitter_card":"summary_large_image","schema":{"@context":"https:\/\/schema.org","@graph":[{"@type":"WebPage","@id":"https:\/\/roltex.com\/our-products\/tableware\/presentation\/","url":"https:\/\/roltex.com\/our-products\/tableware\/presentation\/","name":"Vaisselle de pr\u00e9sentation pour la restauration professionnelle | Roltex","isPartOf":{"@id":"https:\/\/roltex.com\/#website"},"datePublished":"2025-03-21T14:50:58+00:00","dateModified":"2025-04-27T12:34:03+00:00","description":"D\u00e9couvrez la vaisselle de pr\u00e9sentation Roltex con\u00e7ue pour rehausser les pr\u00e9sentations de nourriture. Parfaite pour les buffets, les restaurants et les services de restauration.","breadcrumb":{"@id":"https:\/\/roltex.com\/our-products\/tableware\/presentation\/#breadcrumb"},"inLanguage":"fr-FR","potentialAction":[{"@type":"ReadAction","target":["https:\/\/roltex.com\/our-products\/tableware\/presentation\/"]}]},{"@type":"BreadcrumbList","@id":"https:\/\/roltex.com\/our-products\/tableware\/presentation\/#breadcrumb","itemListElement":[{"@type":"ListItem","position":1,"name":"Home","item":"https:\/\/roltex.com\/"},{"@type":"ListItem","position":2,"name":"Our products","item":"https:\/\/roltex.com\/our-products\/"},{"@type":"ListItem","position":3,"name":"Tableware","item":"https:\/\/roltex.com\/our-products\/tableware\/"},{"@type":"ListItem","position":4,"name":"Presentation"}]},{"@type":"WebSite","@id":"https:\/\/roltex.com\/#website","url":"https:\/\/roltex.com\/","name":"Roltex","description":"Nous sommes heureux de vous servir - Roltex","publisher":{"@id":"https:\/\/roltex.com\/#organization"},"potentialAction":[{"@type":"SearchAction","target":{"@type":"EntryPoint","urlTemplate":"https:\/\/roltex.com\/?s={search_term_string}"},"query-input":{"@type":"PropertyValueSpecification","valueRequired":true,"valueName":"search_term_string"}}],"inLanguage":"fr-FR"},{"@type":"Organization","@id":"https:\/\/roltex.com\/#organization","name":"Roltex","url":"https:\/\/roltex.com\/","logo":{"@type":"ImageObject","inLanguage":"fr-FR","@id":"https:\/\/roltex.com\/#\/schema\/logo\/image\/","url":"https:\/\/roltex.com\/wp-content\/uploads\/2025\/03\/Logga_red-background.png","contentUrl":"https:\/\/roltex.com\/wp-content\/uploads\/2025\/03\/Logga_red-background.png","width":1080,"height":1080,"caption":"Roltex"},"image":{"@id":"https:\/\/roltex.com\/#\/schema\/logo\/image\/"},"sameAs":["https:\/\/www.facebook.com\/RoltexNv\/","https:\/\/www.linkedin.com\/company\/roltex\/","https:\/\/www.instagram.com\/roltexserving\/#","https:\/\/www.youtube.com\/channel\/UCwD1rT9sd5dgZacAi12sHMw\/featured"]}]}},"_links":{"self":[{"href":"https:\/\/roltex.com\/fr\/wp-json\/wp\/v2\/pages\/3816","targetHints":{"allow":["GET"]}}],"collection":[{"href":"https:\/\/roltex.com\/fr\/wp-json\/wp\/v2\/pages"}],"about":[{"href":"https:\/\/roltex.com\/fr\/wp-json\/wp\/v2\/types\/page"}],"author":[{"embeddable":true,"href":"https:\/\/roltex.com\/fr\/wp-json\/wp\/v2\/users\/1"}],"replies":[{"embeddable":true,"href":"https:\/\/roltex.com\/fr\/wp-json\/wp\/v2\/comments?post=3816"}],"version-history":[{"count":1,"href":"https:\/\/roltex.com\/fr\/wp-json\/wp\/v2\/pages\/3816\/revisions"}],"predecessor-version":[{"id":3817,"href":"https:\/\/roltex.com\/fr\/wp-json\/wp\/v2\/pages\/3816\/revisions\/3817"}],"up":[{"embeddable":true,"href":"https:\/\/roltex.com\/fr\/wp-json\/wp\/v2\/pages\/3784"}],"wp:attachment":[{"href":"https:\/\/roltex.com\/fr\/wp-json\/wp\/v2\/media?parent=3816"}],"wp:term":[{"taxonomy":"folder","embeddable":true,"href":"https:\/\/roltex.com\/fr\/wp-json\/wp\/v2\/folder?post=3816"}],"curies":[{"name":"wp","href":"https:\/\/api.w.org\/{rel}","templated":true}]}}