{"id":1893,"date":"2025-03-19T07:45:06","date_gmt":"2025-03-19T07:45:06","guid":{"rendered":"https:\/\/new.roltex.se\/?page_id=1893"},"modified":"2025-04-29T13:29:59","modified_gmt":"2025-04-29T13:29:59","slug":"boucle-verte","status":"publish","type":"page","link":"https:\/\/roltex.com\/fr\/green-loop\/","title":{"rendered":"Green Loop"},"content":{"rendered":"<p><strong>Vous avez beaucoup de pain sur la planche en ce qui concerne les objectifs climatiques ? Il est temps de changer d'assiette !<\/strong><\/p>\n<p><strong>\u00a0<\/strong><\/p>\n<p>Le syst\u00e8me de la boucle verte est ax\u00e9 sur la circularit\u00e9 et la r\u00e9utilisation. Nous sommes \u00e9galement soucieux de l'environnement tout au long de la cha\u00eene, de la mati\u00e8re premi\u00e8re au produit fini. Ensuite, nous bouclons l'ensemble du processus encore et encore - jusqu'\u00e0 sept fois avec le m\u00eame mat\u00e9riau.<\/p>\n<p><strong>\u00a0<\/strong><\/p>\n<p>With Green Loop in effective sustainability work in your workplace, you get proven, immediate carbon savings and, in many cases, tens of tonnes automatically reported to CSRD standards.<\/p>\n<p><strong>\u00a0<\/strong><\/p>\n<p><strong>\u201dThe circular economy is a powerful tool in the transition to a resource-efficient society, and can help us reach our environmental and climate goals.\u201d<\/strong><\/p>\n<p><strong>\u00a0\u00a0\u00a0\u00a0\u00a0\u00a0\u00a0\u00a0\u00a0\u00a0\u00a0\u00a0\u00a0\u00a0\u00a0\u00a0\u00a0\u00a0\u00a0\u00a0\u00a0\u00a0\u00a0\u00a0\u00a0\u00a0\u00a0\u00a0\u00a0\u00a0\u00a0\u00a0\u00a0\u00a0\u00a0\u00a0\u00a0\u00a0\u00a0\u00a0\u00a0\u00a0\u00a0\u00a0\u00a0\u00a0\u00a0\u00a0\u00a0\u00a0\u00a0\u00a0\u00a0\u00a0\u00a0\u00a0\u00a0\u00a0\u00a0\u00a0\u00a0\u00a0\u00a0\u00a0\u00a0\u00a0\u00a0\u00a0\u00a0\u00a0\u00a0\u00a0\u00a0\u00a0 <em>The Swedish Environmental Protection Agency<\/em><\/strong><\/p>\n<p><strong>\u00a0<\/strong><\/p>\n<p><strong>\u00a0<\/strong><\/p>\n<p><strong>Green Loop serves the future<\/strong><\/p>\n<p>&nbsp;<\/p>\n<ol>\n<li><strong> Environmentally friendly production<\/strong><\/li>\n<\/ol>\n<p><strong>\u00a0<\/strong><\/p>\n<p>The products in the Green Loop System are made exclusively from bio-based and BPA-free food-grade plastics.<\/p>\n<p>&nbsp;<\/p>\n<p>They are manufactured in an energy-efficient way in Eskilstuna, Sweden. And the production is one of the most environmentally friendly in Sweden \u2013 largely powered by Rolex\u2019s own solar cell plant.<\/p>\n<p>&nbsp;<\/p>\n<ol start=\"2\">\n<li><strong> Une vie longue et enrichissante<\/strong><\/li>\n<\/ol>\n<p><strong>\u00a0<\/strong><\/p>\n<p>Our products are lightweight. They don&#8217;t clatter or break, and they have properties that make the meal enjoyable.<\/p>\n<p>&nbsp;<\/p>\n<p>And they last for a full 3\u20135 years.<\/p>\n<p>&nbsp;<\/p>\n<ol start=\"3\">\n<li><strong> &#8230; and then seven more lives!<\/strong><\/li>\n<\/ol>\n<p><strong>\u00a0<\/strong><\/p>\n<p>When the products reach the end of their life, they get a new life in Eskilstuna. They are ground into granules and become new Green Loop products.<\/p>\n<p>&nbsp;<\/p>\n<p>Le mat\u00e9riau peut \u00eatre recycl\u00e9 jusqu'\u00e0 sept fois, ce qui lui conf\u00e8re une dur\u00e9e de vie de 30 ans !<\/p>\n<p>&nbsp;<\/p>\n<p><strong>L'outil de rapport vert<\/strong><\/p>\n<p>&nbsp;<\/p>\n<p>We don&#8217;t <em>penser<\/em> notre syst\u00e8me fait la diff\u00e9rence - nous <em>savoir<\/em> it does. And as part of the Green Loop System, you can easily access the facts about the climate savings you have contributed to.<\/p>\n<p>&nbsp;<\/p>\n<p>The Green Reporting Tool is our unique service included in the Green Loop System. The tool calculates your company&#8217;s climate impact and automatically gives you the facts to include in your company\u2019s CSRD.<\/p>","protected":false},"excerpt":{"rendered":"<p>A lot on your plate when it comes to climate goals? Time to change the plate! \u00a0 The Green Loop System is all about circularity and reuse. And we are equally environmentally conscious throughout the entire chain, from raw material to the finished product. Then we loop the whole process again and again \u2013\u00a0up to\u2026     <a href=\"https:\/\/roltex.com\/fr\/green-loop\/\">L\u00e4s mer &raquo;<\/a><\/p>","protected":false},"author":4,"featured_media":0,"parent":0,"menu_order":0,"comment_status":"closed","ping_status":"closed","template":"templates\/pagebuilder.php","meta":{"footnotes":""},"folder":[],"class_list":["post-1893","page","type-page","status-publish","hentry"],"yoast_head":"<!-- This site is optimized with the Yoast SEO plugin v27.1.1 - https:\/\/yoast.com\/product\/yoast-seo-wordpress\/ -->\n<title>Green Loop Sustainability Program | Circular Solutions | Roltex<\/title>\n<meta name=\"description\" content=\"Discover Roltex\u2019s Green Loop program \u2013 reuse catering products, then recycle them 100% into new products for a circular economy.\" \/>\n<meta name=\"robots\" content=\"index, follow, max-snippet:-1, max-image-preview:large, max-video-preview:-1\" \/>\n<link rel=\"canonical\" href=\"https:\/\/roltex.com\/fr\/boucle-verte\/\" \/>\n<meta property=\"og:locale\" content=\"fr_FR\" \/>\n<meta property=\"og:type\" content=\"article\" \/>\n<meta property=\"og:title\" content=\"Green Loop Sustainability Program | Circular Solutions | Roltex\" \/>\n<meta property=\"og:description\" content=\"Discover Roltex\u2019s Green Loop program \u2013 reuse catering products, then recycle them 100% into new products for a circular economy.\" \/>\n<meta property=\"og:url\" content=\"https:\/\/roltex.com\/fr\/boucle-verte\/\" \/>\n<meta property=\"og:site_name\" content=\"Roltex\" \/>\n<meta property=\"article:publisher\" content=\"https:\/\/www.facebook.com\/RoltexNv\/\" \/>\n<meta property=\"article:modified_time\" content=\"2025-04-29T13:29:59+00:00\" \/>\n<meta name=\"twitter:card\" content=\"summary_large_image\" \/>\n<meta name=\"twitter:label1\" content=\"Dur\u00e9e de lecture estim\u00e9e\" \/>\n\t<meta name=\"twitter:data1\" content=\"2 minutes\" \/>\n<script type=\"application\/ld+json\" class=\"yoast-schema-graph\">{\"@context\":\"https:\/\/schema.org\",\"@graph\":[{\"@type\":\"WebPage\",\"@id\":\"https:\/\/roltex.com\/green-loop\/\",\"url\":\"https:\/\/roltex.com\/green-loop\/\",\"name\":\"Green Loop Sustainability Program | Circular Solutions | Roltex\",\"isPartOf\":{\"@id\":\"https:\/\/roltex.com\/#website\"},\"datePublished\":\"2025-03-19T07:45:06+00:00\",\"dateModified\":\"2025-04-29T13:29:59+00:00\",\"description\":\"Discover Roltex\u2019s Green Loop program \u2013 reuse catering products, then recycle them 100% into new products for a circular economy.\",\"breadcrumb\":{\"@id\":\"https:\/\/roltex.com\/green-loop\/#breadcrumb\"},\"inLanguage\":\"fr-FR\",\"potentialAction\":[{\"@type\":\"ReadAction\",\"target\":[\"https:\/\/roltex.com\/green-loop\/\"]}]},{\"@type\":\"BreadcrumbList\",\"@id\":\"https:\/\/roltex.com\/green-loop\/#breadcrumb\",\"itemListElement\":[{\"@type\":\"ListItem\",\"position\":1,\"name\":\"Home\",\"item\":\"https:\/\/roltex.com\/\"},{\"@type\":\"ListItem\",\"position\":2,\"name\":\"Green Loop\"}]},{\"@type\":\"WebSite\",\"@id\":\"https:\/\/roltex.com\/#website\",\"url\":\"https:\/\/roltex.com\/\",\"name\":\"Roltex\",\"description\":\"We love to serve you - Roltex\",\"publisher\":{\"@id\":\"https:\/\/roltex.com\/#organization\"},\"potentialAction\":[{\"@type\":\"SearchAction\",\"target\":{\"@type\":\"EntryPoint\",\"urlTemplate\":\"https:\/\/roltex.com\/?s={search_term_string}\"},\"query-input\":{\"@type\":\"PropertyValueSpecification\",\"valueRequired\":true,\"valueName\":\"search_term_string\"}}],\"inLanguage\":\"fr-FR\"},{\"@type\":\"Organization\",\"@id\":\"https:\/\/roltex.com\/#organization\",\"name\":\"Roltex\",\"url\":\"https:\/\/roltex.com\/\",\"logo\":{\"@type\":\"ImageObject\",\"inLanguage\":\"fr-FR\",\"@id\":\"https:\/\/roltex.com\/#\/schema\/logo\/image\/\",\"url\":\"https:\/\/roltex.com\/wp-content\/uploads\/2025\/03\/Logga_red-background.png\",\"contentUrl\":\"https:\/\/roltex.com\/wp-content\/uploads\/2025\/03\/Logga_red-background.png\",\"width\":1080,\"height\":1080,\"caption\":\"Roltex\"},\"image\":{\"@id\":\"https:\/\/roltex.com\/#\/schema\/logo\/image\/\"},\"sameAs\":[\"https:\/\/www.facebook.com\/RoltexNv\/\",\"https:\/\/www.linkedin.com\/company\/roltex\/\",\"https:\/\/www.instagram.com\/roltexserving\/#\",\"https:\/\/www.youtube.com\/channel\/UCwD1rT9sd5dgZacAi12sHMw\/featured\"]}]}<\/script>\n<!-- \/ Yoast SEO plugin. -->","yoast_head_json":{"title":"Programme de d\u00e9veloppement durable de la boucle verte | Solutions circulaires | Roltex","description":"D\u00e9couvrez le programme Green Loop de Roltex : r\u00e9utilisez les produits de restauration, puis recyclez-les 100% dans de nouveaux produits pour une \u00e9conomie circulaire.","robots":{"index":"index","follow":"follow","max-snippet":"max-snippet:-1","max-image-preview":"max-image-preview:large","max-video-preview":"max-video-preview:-1"},"canonical":"https:\/\/roltex.com\/fr\/boucle-verte\/","og_locale":"fr_FR","og_type":"article","og_title":"Green Loop Sustainability Program | Circular Solutions | Roltex","og_description":"Discover Roltex\u2019s Green Loop program \u2013 reuse catering products, then recycle them 100% into new products for a circular economy.","og_url":"https:\/\/roltex.com\/fr\/boucle-verte\/","og_site_name":"Roltex","article_publisher":"https:\/\/www.facebook.com\/RoltexNv\/","article_modified_time":"2025-04-29T13:29:59+00:00","twitter_card":"summary_large_image","twitter_misc":{"Dur\u00e9e de lecture estim\u00e9e":"2 minutes"},"schema":{"@context":"https:\/\/schema.org","@graph":[{"@type":"WebPage","@id":"https:\/\/roltex.com\/green-loop\/","url":"https:\/\/roltex.com\/green-loop\/","name":"Programme de d\u00e9veloppement durable de la boucle verte | Solutions circulaires | Roltex","isPartOf":{"@id":"https:\/\/roltex.com\/#website"},"datePublished":"2025-03-19T07:45:06+00:00","dateModified":"2025-04-29T13:29:59+00:00","description":"D\u00e9couvrez le programme Green Loop de Roltex : r\u00e9utilisez les produits de restauration, puis recyclez-les 100% dans de nouveaux produits pour une \u00e9conomie circulaire.","breadcrumb":{"@id":"https:\/\/roltex.com\/green-loop\/#breadcrumb"},"inLanguage":"fr-FR","potentialAction":[{"@type":"ReadAction","target":["https:\/\/roltex.com\/green-loop\/"]}]},{"@type":"BreadcrumbList","@id":"https:\/\/roltex.com\/green-loop\/#breadcrumb","itemListElement":[{"@type":"ListItem","position":1,"name":"Home","item":"https:\/\/roltex.com\/"},{"@type":"ListItem","position":2,"name":"Green Loop"}]},{"@type":"WebSite","@id":"https:\/\/roltex.com\/#website","url":"https:\/\/roltex.com\/","name":"Roltex","description":"Nous sommes heureux de vous servir - Roltex","publisher":{"@id":"https:\/\/roltex.com\/#organization"},"potentialAction":[{"@type":"SearchAction","target":{"@type":"EntryPoint","urlTemplate":"https:\/\/roltex.com\/?s={search_term_string}"},"query-input":{"@type":"PropertyValueSpecification","valueRequired":true,"valueName":"search_term_string"}}],"inLanguage":"fr-FR"},{"@type":"Organization","@id":"https:\/\/roltex.com\/#organization","name":"Roltex","url":"https:\/\/roltex.com\/","logo":{"@type":"ImageObject","inLanguage":"fr-FR","@id":"https:\/\/roltex.com\/#\/schema\/logo\/image\/","url":"https:\/\/roltex.com\/wp-content\/uploads\/2025\/03\/Logga_red-background.png","contentUrl":"https:\/\/roltex.com\/wp-content\/uploads\/2025\/03\/Logga_red-background.png","width":1080,"height":1080,"caption":"Roltex"},"image":{"@id":"https:\/\/roltex.com\/#\/schema\/logo\/image\/"},"sameAs":["https:\/\/www.facebook.com\/RoltexNv\/","https:\/\/www.linkedin.com\/company\/roltex\/","https:\/\/www.instagram.com\/roltexserving\/#","https:\/\/www.youtube.com\/channel\/UCwD1rT9sd5dgZacAi12sHMw\/featured"]}]}},"_links":{"self":[{"href":"https:\/\/roltex.com\/fr\/wp-json\/wp\/v2\/pages\/1893","targetHints":{"allow":["GET"]}}],"collection":[{"href":"https:\/\/roltex.com\/fr\/wp-json\/wp\/v2\/pages"}],"about":[{"href":"https:\/\/roltex.com\/fr\/wp-json\/wp\/v2\/types\/page"}],"author":[{"embeddable":true,"href":"https:\/\/roltex.com\/fr\/wp-json\/wp\/v2\/users\/4"}],"replies":[{"embeddable":true,"href":"https:\/\/roltex.com\/fr\/wp-json\/wp\/v2\/comments?post=1893"}],"version-history":[{"count":4,"href":"https:\/\/roltex.com\/fr\/wp-json\/wp\/v2\/pages\/1893\/revisions"}],"predecessor-version":[{"id":4810,"href":"https:\/\/roltex.com\/fr\/wp-json\/wp\/v2\/pages\/1893\/revisions\/4810"}],"wp:attachment":[{"href":"https:\/\/roltex.com\/fr\/wp-json\/wp\/v2\/media?parent=1893"}],"wp:term":[{"taxonomy":"folder","embeddable":true,"href":"https:\/\/roltex.com\/fr\/wp-json\/wp\/v2\/folder?post=1893"}],"curies":[{"name":"wp","href":"https:\/\/api.w.org\/{rel}","templated":true}]}}