{"id":3966,"date":"2025-03-26T12:23:23","date_gmt":"2025-03-26T12:23:23","guid":{"rendered":"https:\/\/new.roltex.se\/?page_id=3966"},"modified":"2025-04-25T16:10:46","modified_gmt":"2025-04-25T16:10:46","slug":"geschaftskategorie-horeca","status":"publish","type":"page","link":"https:\/\/roltex.com\/de\/business-category-horeca\/","title":{"rendered":"Hotels, Restaurants und Caf\u00e9s"},"content":{"rendered":"","protected":false},"excerpt":{"rendered":"","protected":false},"author":4,"featured_media":0,"parent":0,"menu_order":0,"comment_status":"closed","ping_status":"closed","template":"templates\/pagebuilder.php","meta":{"footnotes":""},"folder":[],"class_list":["post-3966","page","type-page","status-publish","hentry"],"yoast_head":"<!-- This site is optimized with the Yoast SEO plugin v27.1.1 - https:\/\/yoast.com\/product\/yoast-seo-wordpress\/ -->\n<title>HORECA Catering Products | Stylish &amp; Durable Solutions | Roltex<\/title>\n<meta name=\"description\" content=\"Discover HORECA catering products from Roltex \u2013 stylish, durable serving solutions for hotels, restaurants, and caf\u00e9s. Perfect for professional hospitality.\" \/>\n<meta name=\"robots\" content=\"index, follow, max-snippet:-1, max-image-preview:large, max-video-preview:-1\" \/>\n<link rel=\"canonical\" href=\"https:\/\/roltex.com\/de\/geschaftskategorie-horeca\/\" \/>\n<meta property=\"og:locale\" content=\"de_DE\" \/>\n<meta property=\"og:type\" content=\"article\" \/>\n<meta property=\"og:title\" content=\"HORECA Catering Products | Stylish &amp; Durable Solutions | Roltex\" \/>\n<meta property=\"og:description\" content=\"Discover HORECA catering products from Roltex \u2013 stylish, durable serving solutions for hotels, restaurants, and caf\u00e9s. Perfect for professional hospitality.\" \/>\n<meta property=\"og:url\" content=\"https:\/\/roltex.com\/de\/geschaftskategorie-horeca\/\" \/>\n<meta property=\"og:site_name\" content=\"Roltex\" \/>\n<meta property=\"article:publisher\" content=\"https:\/\/www.facebook.com\/RoltexNv\/\" \/>\n<meta property=\"article:modified_time\" content=\"2025-04-25T16:10:46+00:00\" \/>\n<meta name=\"twitter:card\" content=\"summary_large_image\" \/>\n<script type=\"application\/ld+json\" class=\"yoast-schema-graph\">{\"@context\":\"https:\/\/schema.org\",\"@graph\":[{\"@type\":\"WebPage\",\"@id\":\"https:\/\/roltex.com\/business-category-horeca\/\",\"url\":\"https:\/\/roltex.com\/business-category-horeca\/\",\"name\":\"HORECA Catering Products | Stylish & Durable Solutions | Roltex\",\"isPartOf\":{\"@id\":\"https:\/\/roltex.com\/#website\"},\"datePublished\":\"2025-03-26T12:23:23+00:00\",\"dateModified\":\"2025-04-25T16:10:46+00:00\",\"description\":\"Discover HORECA catering products from Roltex \u2013 stylish, durable serving solutions for hotels, restaurants, and caf\u00e9s. Perfect for professional hospitality.\",\"breadcrumb\":{\"@id\":\"https:\/\/roltex.com\/business-category-horeca\/#breadcrumb\"},\"inLanguage\":\"de\",\"potentialAction\":[{\"@type\":\"ReadAction\",\"target\":[\"https:\/\/roltex.com\/business-category-horeca\/\"]}]},{\"@type\":\"BreadcrumbList\",\"@id\":\"https:\/\/roltex.com\/business-category-horeca\/#breadcrumb\",\"itemListElement\":[{\"@type\":\"ListItem\",\"position\":1,\"name\":\"Home\",\"item\":\"https:\/\/roltex.com\/\"},{\"@type\":\"ListItem\",\"position\":2,\"name\":\"Hotel, Restaurants and Caf\u00e9s\"}]},{\"@type\":\"WebSite\",\"@id\":\"https:\/\/roltex.com\/#website\",\"url\":\"https:\/\/roltex.com\/\",\"name\":\"Roltex\",\"description\":\"We love to serve you - Roltex\",\"publisher\":{\"@id\":\"https:\/\/roltex.com\/#organization\"},\"potentialAction\":[{\"@type\":\"SearchAction\",\"target\":{\"@type\":\"EntryPoint\",\"urlTemplate\":\"https:\/\/roltex.com\/?s={search_term_string}\"},\"query-input\":{\"@type\":\"PropertyValueSpecification\",\"valueRequired\":true,\"valueName\":\"search_term_string\"}}],\"inLanguage\":\"de\"},{\"@type\":\"Organization\",\"@id\":\"https:\/\/roltex.com\/#organization\",\"name\":\"Roltex\",\"url\":\"https:\/\/roltex.com\/\",\"logo\":{\"@type\":\"ImageObject\",\"inLanguage\":\"de\",\"@id\":\"https:\/\/roltex.com\/#\/schema\/logo\/image\/\",\"url\":\"https:\/\/roltex.com\/wp-content\/uploads\/2025\/03\/Logga_red-background.png\",\"contentUrl\":\"https:\/\/roltex.com\/wp-content\/uploads\/2025\/03\/Logga_red-background.png\",\"width\":1080,\"height\":1080,\"caption\":\"Roltex\"},\"image\":{\"@id\":\"https:\/\/roltex.com\/#\/schema\/logo\/image\/\"},\"sameAs\":[\"https:\/\/www.facebook.com\/RoltexNv\/\",\"https:\/\/www.linkedin.com\/company\/roltex\/\",\"https:\/\/www.instagram.com\/roltexserving\/#\",\"https:\/\/www.youtube.com\/channel\/UCwD1rT9sd5dgZacAi12sHMw\/featured\"]}]}<\/script>\n<!-- \/ Yoast SEO plugin. -->","yoast_head_json":{"title":"HORECA Catering Produkte | Stilvolle &amp; dauerhafte L\u00f6sungen | Roltex","description":"Entdecken Sie die HORECA-Gastronomieprodukte von Roltex - stilvolle, langlebige Servierl\u00f6sungen f\u00fcr Hotels, Restaurants und Caf\u00e9s. Perfekt f\u00fcr die professionelle Gastfreundschaft.","robots":{"index":"index","follow":"follow","max-snippet":"max-snippet:-1","max-image-preview":"max-image-preview:large","max-video-preview":"max-video-preview:-1"},"canonical":"https:\/\/roltex.com\/de\/geschaftskategorie-horeca\/","og_locale":"de_DE","og_type":"article","og_title":"HORECA Catering Products | Stylish & Durable Solutions | Roltex","og_description":"Discover HORECA catering products from Roltex \u2013 stylish, durable serving solutions for hotels, restaurants, and caf\u00e9s. Perfect for professional hospitality.","og_url":"https:\/\/roltex.com\/de\/geschaftskategorie-horeca\/","og_site_name":"Roltex","article_publisher":"https:\/\/www.facebook.com\/RoltexNv\/","article_modified_time":"2025-04-25T16:10:46+00:00","twitter_card":"summary_large_image","schema":{"@context":"https:\/\/schema.org","@graph":[{"@type":"WebPage","@id":"https:\/\/roltex.com\/business-category-horeca\/","url":"https:\/\/roltex.com\/business-category-horeca\/","name":"HORECA Catering Produkte | Stilvolle &amp; dauerhafte L\u00f6sungen | Roltex","isPartOf":{"@id":"https:\/\/roltex.com\/#website"},"datePublished":"2025-03-26T12:23:23+00:00","dateModified":"2025-04-25T16:10:46+00:00","description":"Entdecken Sie die HORECA-Gastronomieprodukte von Roltex - stilvolle, langlebige Servierl\u00f6sungen f\u00fcr Hotels, Restaurants und Caf\u00e9s. Perfekt f\u00fcr die professionelle Gastfreundschaft.","breadcrumb":{"@id":"https:\/\/roltex.com\/business-category-horeca\/#breadcrumb"},"inLanguage":"de","potentialAction":[{"@type":"ReadAction","target":["https:\/\/roltex.com\/business-category-horeca\/"]}]},{"@type":"BreadcrumbList","@id":"https:\/\/roltex.com\/business-category-horeca\/#breadcrumb","itemListElement":[{"@type":"ListItem","position":1,"name":"Home","item":"https:\/\/roltex.com\/"},{"@type":"ListItem","position":2,"name":"Hotel, Restaurants and Caf\u00e9s"}]},{"@type":"WebSite","@id":"https:\/\/roltex.com\/#website","url":"https:\/\/roltex.com\/","name":"Roltex","description":"Wir lieben es, Ihnen zu dienen - Roltex","publisher":{"@id":"https:\/\/roltex.com\/#organization"},"potentialAction":[{"@type":"SearchAction","target":{"@type":"EntryPoint","urlTemplate":"https:\/\/roltex.com\/?s={search_term_string}"},"query-input":{"@type":"PropertyValueSpecification","valueRequired":true,"valueName":"search_term_string"}}],"inLanguage":"de"},{"@type":"Organization","@id":"https:\/\/roltex.com\/#organization","name":"Roltex","url":"https:\/\/roltex.com\/","logo":{"@type":"ImageObject","inLanguage":"de","@id":"https:\/\/roltex.com\/#\/schema\/logo\/image\/","url":"https:\/\/roltex.com\/wp-content\/uploads\/2025\/03\/Logga_red-background.png","contentUrl":"https:\/\/roltex.com\/wp-content\/uploads\/2025\/03\/Logga_red-background.png","width":1080,"height":1080,"caption":"Roltex"},"image":{"@id":"https:\/\/roltex.com\/#\/schema\/logo\/image\/"},"sameAs":["https:\/\/www.facebook.com\/RoltexNv\/","https:\/\/www.linkedin.com\/company\/roltex\/","https:\/\/www.instagram.com\/roltexserving\/#","https:\/\/www.youtube.com\/channel\/UCwD1rT9sd5dgZacAi12sHMw\/featured"]}]}},"_links":{"self":[{"href":"https:\/\/roltex.com\/de\/wp-json\/wp\/v2\/pages\/3966","targetHints":{"allow":["GET"]}}],"collection":[{"href":"https:\/\/roltex.com\/de\/wp-json\/wp\/v2\/pages"}],"about":[{"href":"https:\/\/roltex.com\/de\/wp-json\/wp\/v2\/types\/page"}],"author":[{"embeddable":true,"href":"https:\/\/roltex.com\/de\/wp-json\/wp\/v2\/users\/4"}],"replies":[{"embeddable":true,"href":"https:\/\/roltex.com\/de\/wp-json\/wp\/v2\/comments?post=3966"}],"version-history":[{"count":2,"href":"https:\/\/roltex.com\/de\/wp-json\/wp\/v2\/pages\/3966\/revisions"}],"predecessor-version":[{"id":4078,"href":"https:\/\/roltex.com\/de\/wp-json\/wp\/v2\/pages\/3966\/revisions\/4078"}],"wp:attachment":[{"href":"https:\/\/roltex.com\/de\/wp-json\/wp\/v2\/media?parent=3966"}],"wp:term":[{"taxonomy":"folder","embeddable":true,"href":"https:\/\/roltex.com\/de\/wp-json\/wp\/v2\/folder?post=3966"}],"curies":[{"name":"wp","href":"https:\/\/api.w.org\/{rel}","templated":true}]}}