{"id":3810,"date":"2025-03-21T14:43:15","date_gmt":"2025-03-21T14:43:15","guid":{"rendered":"https:\/\/new.roltex.se\/?page_id=3810"},"modified":"2025-04-27T12:30:02","modified_gmt":"2025-04-27T12:30:02","slug":"besteck","status":"publish","type":"page","link":"https:\/\/roltex.com\/de\/our-products\/tableware\/cutlery\/","title":{"rendered":"Besteck"},"content":{"rendered":"","protected":false},"excerpt":{"rendered":"","protected":false},"author":1,"featured_media":0,"parent":3784,"menu_order":0,"comment_status":"closed","ping_status":"closed","template":"templates\/pagebuilder.php","meta":{"footnotes":""},"folder":[],"class_list":["post-3810","page","type-page","status-publish","hentry"],"yoast_head":"<!-- This site is optimized with the Yoast SEO plugin v27.1.1 - https:\/\/yoast.com\/product\/yoast-seo-wordpress\/ -->\n<title>Durable Cutlery for Professional Tableware | Roltex<\/title>\n<meta name=\"description\" content=\"Discover Roltex\u2019s durable cutlery designed for professional use. High-quality knives, forks, and spoons built for long-lasting performance.\" \/>\n<meta name=\"robots\" content=\"index, follow, max-snippet:-1, max-image-preview:large, max-video-preview:-1\" \/>\n<link rel=\"canonical\" href=\"https:\/\/roltex.com\/de\/unsere-produkte\/tafelgeschirr\/besteck\/\" \/>\n<meta property=\"og:locale\" content=\"de_DE\" \/>\n<meta property=\"og:type\" content=\"article\" \/>\n<meta property=\"og:title\" content=\"Durable Cutlery for Professional Tableware | Roltex\" \/>\n<meta property=\"og:description\" content=\"Discover Roltex\u2019s durable cutlery designed for professional use. High-quality knives, forks, and spoons built for long-lasting performance.\" \/>\n<meta property=\"og:url\" content=\"https:\/\/roltex.com\/de\/unsere-produkte\/tafelgeschirr\/besteck\/\" \/>\n<meta property=\"og:site_name\" content=\"Roltex\" \/>\n<meta property=\"article:publisher\" content=\"https:\/\/www.facebook.com\/RoltexNv\/\" \/>\n<meta property=\"article:modified_time\" content=\"2025-04-27T12:30:02+00:00\" \/>\n<meta name=\"twitter:card\" content=\"summary_large_image\" \/>\n<script type=\"application\/ld+json\" class=\"yoast-schema-graph\">{\"@context\":\"https:\/\/schema.org\",\"@graph\":[{\"@type\":\"WebPage\",\"@id\":\"https:\/\/roltex.com\/our-products\/tableware\/cutlery\/\",\"url\":\"https:\/\/roltex.com\/our-products\/tableware\/cutlery\/\",\"name\":\"Durable Cutlery for Professional Tableware | Roltex\",\"isPartOf\":{\"@id\":\"https:\/\/roltex.com\/#website\"},\"datePublished\":\"2025-03-21T14:43:15+00:00\",\"dateModified\":\"2025-04-27T12:30:02+00:00\",\"description\":\"Discover Roltex\u2019s durable cutlery designed for professional use. High-quality knives, forks, and spoons built for long-lasting performance.\",\"breadcrumb\":{\"@id\":\"https:\/\/roltex.com\/our-products\/tableware\/cutlery\/#breadcrumb\"},\"inLanguage\":\"de\",\"potentialAction\":[{\"@type\":\"ReadAction\",\"target\":[\"https:\/\/roltex.com\/our-products\/tableware\/cutlery\/\"]}]},{\"@type\":\"BreadcrumbList\",\"@id\":\"https:\/\/roltex.com\/our-products\/tableware\/cutlery\/#breadcrumb\",\"itemListElement\":[{\"@type\":\"ListItem\",\"position\":1,\"name\":\"Home\",\"item\":\"https:\/\/roltex.com\/\"},{\"@type\":\"ListItem\",\"position\":2,\"name\":\"Our products\",\"item\":\"https:\/\/roltex.com\/our-products\/\"},{\"@type\":\"ListItem\",\"position\":3,\"name\":\"Tableware\",\"item\":\"https:\/\/roltex.com\/our-products\/tableware\/\"},{\"@type\":\"ListItem\",\"position\":4,\"name\":\"Cutlery\"}]},{\"@type\":\"WebSite\",\"@id\":\"https:\/\/roltex.com\/#website\",\"url\":\"https:\/\/roltex.com\/\",\"name\":\"Roltex\",\"description\":\"We love to serve you - Roltex\",\"publisher\":{\"@id\":\"https:\/\/roltex.com\/#organization\"},\"potentialAction\":[{\"@type\":\"SearchAction\",\"target\":{\"@type\":\"EntryPoint\",\"urlTemplate\":\"https:\/\/roltex.com\/?s={search_term_string}\"},\"query-input\":{\"@type\":\"PropertyValueSpecification\",\"valueRequired\":true,\"valueName\":\"search_term_string\"}}],\"inLanguage\":\"de\"},{\"@type\":\"Organization\",\"@id\":\"https:\/\/roltex.com\/#organization\",\"name\":\"Roltex\",\"url\":\"https:\/\/roltex.com\/\",\"logo\":{\"@type\":\"ImageObject\",\"inLanguage\":\"de\",\"@id\":\"https:\/\/roltex.com\/#\/schema\/logo\/image\/\",\"url\":\"https:\/\/roltex.com\/wp-content\/uploads\/2025\/03\/Logga_red-background.png\",\"contentUrl\":\"https:\/\/roltex.com\/wp-content\/uploads\/2025\/03\/Logga_red-background.png\",\"width\":1080,\"height\":1080,\"caption\":\"Roltex\"},\"image\":{\"@id\":\"https:\/\/roltex.com\/#\/schema\/logo\/image\/\"},\"sameAs\":[\"https:\/\/www.facebook.com\/RoltexNv\/\",\"https:\/\/www.linkedin.com\/company\/roltex\/\",\"https:\/\/www.instagram.com\/roltexserving\/#\",\"https:\/\/www.youtube.com\/channel\/UCwD1rT9sd5dgZacAi12sHMw\/featured\"]}]}<\/script>\n<!-- \/ Yoast SEO plugin. -->","yoast_head_json":{"title":"Langlebiges Besteck f\u00fcr den professionellen Einsatz | Roltex","description":"Entdecken Sie das langlebige Besteck von Roltex f\u00fcr den professionellen Einsatz. Hochwertige Messer, Gabeln und L\u00f6ffel, die f\u00fcr eine lange Lebensdauer ausgelegt sind.","robots":{"index":"index","follow":"follow","max-snippet":"max-snippet:-1","max-image-preview":"max-image-preview:large","max-video-preview":"max-video-preview:-1"},"canonical":"https:\/\/roltex.com\/de\/unsere-produkte\/tafelgeschirr\/besteck\/","og_locale":"de_DE","og_type":"article","og_title":"Durable Cutlery for Professional Tableware | Roltex","og_description":"Discover Roltex\u2019s durable cutlery designed for professional use. High-quality knives, forks, and spoons built for long-lasting performance.","og_url":"https:\/\/roltex.com\/de\/unsere-produkte\/tafelgeschirr\/besteck\/","og_site_name":"Roltex","article_publisher":"https:\/\/www.facebook.com\/RoltexNv\/","article_modified_time":"2025-04-27T12:30:02+00:00","twitter_card":"summary_large_image","schema":{"@context":"https:\/\/schema.org","@graph":[{"@type":"WebPage","@id":"https:\/\/roltex.com\/our-products\/tableware\/cutlery\/","url":"https:\/\/roltex.com\/our-products\/tableware\/cutlery\/","name":"Langlebiges Besteck f\u00fcr den professionellen Einsatz | Roltex","isPartOf":{"@id":"https:\/\/roltex.com\/#website"},"datePublished":"2025-03-21T14:43:15+00:00","dateModified":"2025-04-27T12:30:02+00:00","description":"Entdecken Sie das langlebige Besteck von Roltex f\u00fcr den professionellen Einsatz. Hochwertige Messer, Gabeln und L\u00f6ffel, die f\u00fcr eine lange Lebensdauer ausgelegt sind.","breadcrumb":{"@id":"https:\/\/roltex.com\/our-products\/tableware\/cutlery\/#breadcrumb"},"inLanguage":"de","potentialAction":[{"@type":"ReadAction","target":["https:\/\/roltex.com\/our-products\/tableware\/cutlery\/"]}]},{"@type":"BreadcrumbList","@id":"https:\/\/roltex.com\/our-products\/tableware\/cutlery\/#breadcrumb","itemListElement":[{"@type":"ListItem","position":1,"name":"Home","item":"https:\/\/roltex.com\/"},{"@type":"ListItem","position":2,"name":"Our products","item":"https:\/\/roltex.com\/our-products\/"},{"@type":"ListItem","position":3,"name":"Tableware","item":"https:\/\/roltex.com\/our-products\/tableware\/"},{"@type":"ListItem","position":4,"name":"Cutlery"}]},{"@type":"WebSite","@id":"https:\/\/roltex.com\/#website","url":"https:\/\/roltex.com\/","name":"Roltex","description":"Wir lieben es, Ihnen zu dienen - Roltex","publisher":{"@id":"https:\/\/roltex.com\/#organization"},"potentialAction":[{"@type":"SearchAction","target":{"@type":"EntryPoint","urlTemplate":"https:\/\/roltex.com\/?s={search_term_string}"},"query-input":{"@type":"PropertyValueSpecification","valueRequired":true,"valueName":"search_term_string"}}],"inLanguage":"de"},{"@type":"Organization","@id":"https:\/\/roltex.com\/#organization","name":"Roltex","url":"https:\/\/roltex.com\/","logo":{"@type":"ImageObject","inLanguage":"de","@id":"https:\/\/roltex.com\/#\/schema\/logo\/image\/","url":"https:\/\/roltex.com\/wp-content\/uploads\/2025\/03\/Logga_red-background.png","contentUrl":"https:\/\/roltex.com\/wp-content\/uploads\/2025\/03\/Logga_red-background.png","width":1080,"height":1080,"caption":"Roltex"},"image":{"@id":"https:\/\/roltex.com\/#\/schema\/logo\/image\/"},"sameAs":["https:\/\/www.facebook.com\/RoltexNv\/","https:\/\/www.linkedin.com\/company\/roltex\/","https:\/\/www.instagram.com\/roltexserving\/#","https:\/\/www.youtube.com\/channel\/UCwD1rT9sd5dgZacAi12sHMw\/featured"]}]}},"_links":{"self":[{"href":"https:\/\/roltex.com\/de\/wp-json\/wp\/v2\/pages\/3810","targetHints":{"allow":["GET"]}}],"collection":[{"href":"https:\/\/roltex.com\/de\/wp-json\/wp\/v2\/pages"}],"about":[{"href":"https:\/\/roltex.com\/de\/wp-json\/wp\/v2\/types\/page"}],"author":[{"embeddable":true,"href":"https:\/\/roltex.com\/de\/wp-json\/wp\/v2\/users\/1"}],"replies":[{"embeddable":true,"href":"https:\/\/roltex.com\/de\/wp-json\/wp\/v2\/comments?post=3810"}],"version-history":[{"count":1,"href":"https:\/\/roltex.com\/de\/wp-json\/wp\/v2\/pages\/3810\/revisions"}],"predecessor-version":[{"id":3811,"href":"https:\/\/roltex.com\/de\/wp-json\/wp\/v2\/pages\/3810\/revisions\/3811"}],"up":[{"embeddable":true,"href":"https:\/\/roltex.com\/de\/wp-json\/wp\/v2\/pages\/3784"}],"wp:attachment":[{"href":"https:\/\/roltex.com\/de\/wp-json\/wp\/v2\/media?parent=3810"}],"wp:term":[{"taxonomy":"folder","embeddable":true,"href":"https:\/\/roltex.com\/de\/wp-json\/wp\/v2\/folder?post=3810"}],"curies":[{"name":"wp","href":"https:\/\/api.w.org\/{rel}","templated":true}]}}